{"id":46852,"date":"2025-11-13T09:55:42","date_gmt":"2025-11-13T09:55:42","guid":{"rendered":"https:\/\/sokratev.com\/product\/original-painting-by-dimo-sokratev\/"},"modified":"2025-12-21T14:58:07","modified_gmt":"2025-12-21T14:58:07","slug":"original-gemalde-von-dimo-sokratev","status":"publish","type":"product","link":"https:\/\/sokratev.com\/de\/product\/original-painting-by-dimo-sokratev\/","title":{"rendered":"Gem\u00e4lde des Autors - \u201cDer anmutige Tanz\u201d"},"content":{"rendered":"<ul data-start=\"139\" data-end=\"250\">\n<li data-start=\"139\" data-end=\"163\">\n<p data-start=\"141\" data-end=\"163\">Handgemalte Kunstwerke<\/p>\n<\/li>\n<li data-start=\"164\" data-end=\"184\">\n<p data-start=\"166\" data-end=\"184\">K\u00fcnstler: Sokratev<\/p>\n<\/li>\n<li data-start=\"185\" data-end=\"209\">\n<p data-start=\"187\" data-end=\"209\">Signiert von der K\u00fcnstlerin<\/p>\n<\/li>\n<li data-start=\"210\" data-end=\"250\">\n<p data-start=\"212\" data-end=\"250\">Inklusive Echtheitszertifikat<\/p>\n<\/li>\n<\/ul>\n<p data-start=\"252\" data-end=\"388\" data-is-last-node=\"\" data-is-only-node=\"\">Ein raffiniertes und elegantes Einzelst\u00fcck, das Anmut, Weichheit und k\u00fcnstlerisches Prestige in ein Haus, ein B\u00fcro oder eine Kunstsammlung bringt.<\/p>","protected":false},"excerpt":{"rendered":"<p><strong>Gr\u00f6\u00dfe: 100x100cm<\/strong><\/p>\n<p><strong>Acryl auf Leinwand<\/strong><\/p>\n<p data-start=\"28\" data-end=\"329\">\u201cDer anmutige Tanz\u201d ist ein elegantes und ikonisches Gem\u00e4lde von Sokratev, in dem sich die Ballerina in Bewegung, Luft und pastelliger Zartheit aufl\u00f6st. Zarte Rosa- und Gr\u00fcnt\u00f6ne, flie\u00dfende Linien und eine \u00e4therische Komposition schaffen ein Gef\u00fchl von Leichtigkeit, Freiheit und perfekter Harmonie zwischen K\u00f6rper und Gef\u00fchl.<\/p>\n<p data-start=\"331\" data-end=\"614\">Dieses handgemalte Kunstwerk strahlt Zartheit, Finesse und raffinierte \u00c4sthetik aus und wird zu einem luxuri\u00f6sen Akzent f\u00fcr ein anspruchsvolles Zuhause, ein repr\u00e4sentatives B\u00fcro oder eine kuratierte Kunstsammlung. Ein Gem\u00e4lde f\u00fcr Liebhaber zeitgen\u00f6ssischer Kunst, Anmut und Sch\u00f6nheit, eingefangen in einem einzigen Moment.<\/p>\n<p data-start=\"616\" data-end=\"706\" data-is-last-node=\"\" data-is-only-node=\"\"><strong data-start=\"616\" data-end=\"706\" data-is-last-node=\"\">Entscheiden Sie sich f\u00fcr Kunst, die man nicht nur sehen, sondern auch f\u00fchlen kann - ein Tanz, der sich in Eleganz verwandelt.<\/strong><\/p>","protected":false},"featured_media":47964,"comment_status":"open","ping_status":"closed","template":"","meta":[],"product_brand":[],"product_cat":[251],"product_tag":[],"class_list":{"0":"post-46852","1":"product","2":"type-product","3":"status-publish","4":"has-post-thumbnail","6":"product_cat-painting","8":"first","9":"instock","10":"sold-individually","11":"shipping-taxable","12":"purchasable","13":"product-type-simple"},"_links":{"self":[{"href":"https:\/\/sokratev.com\/de\/wp-json\/wp\/v2\/product\/46852","targetHints":{"allow":["GET"]}}],"collection":[{"href":"https:\/\/sokratev.com\/de\/wp-json\/wp\/v2\/product"}],"about":[{"href":"https:\/\/sokratev.com\/de\/wp-json\/wp\/v2\/types\/product"}],"replies":[{"embeddable":true,"href":"https:\/\/sokratev.com\/de\/wp-json\/wp\/v2\/comments?post=46852"}],"version-history":[{"count":4,"href":"https:\/\/sokratev.com\/de\/wp-json\/wp\/v2\/product\/46852\/revisions"}],"predecessor-version":[{"id":48187,"href":"https:\/\/sokratev.com\/de\/wp-json\/wp\/v2\/product\/46852\/revisions\/48187"}],"wp:featuredmedia":[{"embeddable":true,"href":"https:\/\/sokratev.com\/de\/wp-json\/wp\/v2\/media\/47964"}],"wp:attachment":[{"href":"https:\/\/sokratev.com\/de\/wp-json\/wp\/v2\/media?parent=46852"}],"wp:term":[{"taxonomy":"product_brand","embeddable":true,"href":"https:\/\/sokratev.com\/de\/wp-json\/wp\/v2\/product_brand?post=46852"},{"taxonomy":"product_cat","embeddable":true,"href":"https:\/\/sokratev.com\/de\/wp-json\/wp\/v2\/product_cat?post=46852"},{"taxonomy":"product_tag","embeddable":true,"href":"https:\/\/sokratev.com\/de\/wp-json\/wp\/v2\/product_tag?post=46852"}],"curies":[{"name":"wp","href":"https:\/\/api.w.org\/{rel}","templated":true}]}}