{"id":46856,"date":"2025-11-13T09:55:43","date_gmt":"2025-11-13T09:55:43","guid":{"rendered":"https:\/\/sokratev.com\/product\/original-painting-by-dimo-sokratev-5\/"},"modified":"2026-01-12T21:18:10","modified_gmt":"2026-01-12T21:18:10","slug":"original-gemalde-von-dimo-sokratev-5","status":"publish","type":"product","link":"https:\/\/sokratev.com\/de\/product\/original-painting-by-dimo-sokratev-5\/","title":{"rendered":"Gem\u00e4lde des Autors - \u201cFlammen des Pfades\u201d"},"content":{"rendered":"<p>&nbsp;<\/p>\n<p><span style=\"font-size: 14.0pt;\">Eine perfekte Wahl f\u00fcr ein Zuhause, ein B\u00fcro oder eine Sammlung, die Kunst mit Bedeutung, Geist und Geschichte sch\u00e4tzt.<\/span><\/p>","protected":false},"excerpt":{"rendered":"<p><strong>Gr\u00f6\u00dfe:<\/strong> <strong>50 \u00d7 60 cm<\/strong><\/p>\n<p><strong>Acryl auf Leinwand\u00a0\u00a0<\/strong><\/p>\n<p><strong>Flammen des Pfades <\/strong>f\u00e4ngt den entscheidenden Moment zwischen Chaos und Hoffnung ein. Der gl\u00fchende Himmel, zerrissen von feurigem Licht, beleuchtet die Schiffe - Symbole f\u00fcr Vorw\u00e4rtsbewegung, St\u00e4rke und unersch\u00fctterlichen Willen.<\/p>\n<p>Das Kunstwerk hat eine starke Botschaft:<br \/>\n<strong>selbst wenn die Welt um dich herum brennt, bleibt dein inneres Licht der wahrhaftigste Wegweiser.<\/strong><\/p>\n<p>Die kr\u00e4ftigen Farben, der dramatische Kontrast zwischen Feuer und Meer und Sokratevs unverwechselbare Pinself\u00fchrung erf\u00fcllen das Bild mit Energie und Tiefe.<br \/>\nSie ist mehr als nur Dekoration - sie verwandelt den Raum und verleiht ihm eine starke Pr\u00e4senz, die das Auge anzieht und Emotionen hervorruft.<\/p>\n<p>&nbsp;<\/p>","protected":false},"featured_media":48406,"comment_status":"open","ping_status":"closed","template":"","meta":[],"product_brand":[],"product_cat":[251],"product_tag":[],"class_list":{"0":"post-46856","1":"product","2":"type-product","3":"status-publish","4":"has-post-thumbnail","6":"product_cat-painting","8":"first","9":"instock","10":"sold-individually","11":"shipping-taxable","12":"purchasable","13":"product-type-simple"},"_links":{"self":[{"href":"https:\/\/sokratev.com\/de\/wp-json\/wp\/v2\/product\/46856","targetHints":{"allow":["GET"]}}],"collection":[{"href":"https:\/\/sokratev.com\/de\/wp-json\/wp\/v2\/product"}],"about":[{"href":"https:\/\/sokratev.com\/de\/wp-json\/wp\/v2\/types\/product"}],"replies":[{"embeddable":true,"href":"https:\/\/sokratev.com\/de\/wp-json\/wp\/v2\/comments?post=46856"}],"version-history":[{"count":6,"href":"https:\/\/sokratev.com\/de\/wp-json\/wp\/v2\/product\/46856\/revisions"}],"predecessor-version":[{"id":48012,"href":"https:\/\/sokratev.com\/de\/wp-json\/wp\/v2\/product\/46856\/revisions\/48012"}],"wp:featuredmedia":[{"embeddable":true,"href":"https:\/\/sokratev.com\/de\/wp-json\/wp\/v2\/media\/48406"}],"wp:attachment":[{"href":"https:\/\/sokratev.com\/de\/wp-json\/wp\/v2\/media?parent=46856"}],"wp:term":[{"taxonomy":"product_brand","embeddable":true,"href":"https:\/\/sokratev.com\/de\/wp-json\/wp\/v2\/product_brand?post=46856"},{"taxonomy":"product_cat","embeddable":true,"href":"https:\/\/sokratev.com\/de\/wp-json\/wp\/v2\/product_cat?post=46856"},{"taxonomy":"product_tag","embeddable":true,"href":"https:\/\/sokratev.com\/de\/wp-json\/wp\/v2\/product_tag?post=46856"}],"curies":[{"name":"wp","href":"https:\/\/api.w.org\/{rel}","templated":true}]}}