{"id":46858,"date":"2025-11-13T09:55:44","date_gmt":"2025-11-13T09:55:44","guid":{"rendered":"https:\/\/sokratev.com\/product\/original-painting-by-dimo-sokratev-7\/"},"modified":"2026-01-12T21:20:59","modified_gmt":"2026-01-12T21:20:59","slug":"original-gemalde-von-dimo-sokratev-7","status":"publish","type":"product","link":"https:\/\/sokratev.com\/de\/product\/original-painting-by-dimo-sokratev-7\/","title":{"rendered":"Gem\u00e4lde des Autors - \u201cDie Reise durch die W\u00fcste\u201d"},"content":{"rendered":"<ul data-start=\"143\" data-end=\"262\">\n<li data-start=\"143\" data-end=\"167\">\n<p data-start=\"145\" data-end=\"167\">Handgemalte Kunstwerke<\/p>\n<\/li>\n<li data-start=\"168\" data-end=\"188\">\n<p data-start=\"170\" data-end=\"188\">K\u00fcnstler: Sokratev<\/p>\n<\/li>\n<li data-start=\"189\" data-end=\"213\">\n<p data-start=\"191\" data-end=\"213\">Signiert von der K\u00fcnstlerin<\/p>\n<\/li>\n<li data-start=\"214\" data-end=\"262\">\n<p data-start=\"216\" data-end=\"262\">Begleitet von einem Echtheitszertifikat<\/p>\n<\/li>\n<\/ul>\n<p data-start=\"264\" data-end=\"404\" data-is-last-node=\"\" data-is-only-node=\"\">Ein auff\u00e4lliges und exotisches Kunstwerk, das ein Gef\u00fchl von Reise, Freiheit und zeitloser Sch\u00f6nheit in ein Haus, ein B\u00fcro oder einen repr\u00e4sentativen Raum bringt.<\/p>","protected":false},"excerpt":{"rendered":"<p><strong>Gr\u00f6\u00dfe: 80x80cm<\/strong><\/p>\n<p><strong>Acril auf Leinwand<\/strong><\/p>\n<p data-start=\"106\" data-end=\"425\"><strong data-start=\"106\" data-end=\"138\">\u201cDie Reise durch die W\u00fcste\u201d<\/strong> ist ein exotisches und eindrucksvolles Gem\u00e4lde, das die grenzenlose Sch\u00f6nheit und Mystik der W\u00fcstenlandschaft zeigt. Die wellenf\u00f6rmigen Sandformationen flie\u00dfen wie lebendige Elemente, w\u00e4hrend eine kleine Karawane von Kamelen, die sich durch die unendlichen Weiten bewegt, ein Gef\u00fchl von Reise, Geduld und alter Weisheit vermittelt.<\/p>\n<p data-start=\"427\" data-end=\"734\">Der Kontrast zwischen den gewaltigen Ausma\u00dfen der W\u00fcste und der menschlichen Pr\u00e4senz unterstreicht die Idee eines inneren Weges, der Ausdauer und der Verbindung mit der urspr\u00fcnglichen Kraft der Natur. Warme Erdt\u00f6ne und eine dynamische Komposition schaffen Tiefe, Bewegung und eine exotische Atmosph\u00e4re, die vom ersten Blick an fesselt.<\/p>\n<p data-start=\"736\" data-end=\"975\">Diese handgemalte W\u00fcstenlandschaft mit Kamelen ist eine ideale Wahl f\u00fcr Liebhaber exotischer Kunst, symbolischer Szenen und starker visueller Wirkung. Es eignet sich f\u00fcr Ihr Zuhause, Ihr B\u00fcro oder Ihre Kunstsammlung und vermittelt ein Gef\u00fchl von Freiheit, Abenteuer und Erhabenheit.<\/p>\n<p data-start=\"977\" data-end=\"1085\" data-is-last-node=\"\" data-is-only-node=\"\"><strong data-start=\"977\" data-end=\"1085\" data-is-last-node=\"\">W\u00e4hlen Sie ein Bild, das Sie \u00fcber den Horizont hinausf\u00fchrt - Kunst, die die W\u00fcste zu einem Erlebnis macht.<\/strong><\/p>\n<p>&nbsp;<\/p>","protected":false},"featured_media":48408,"comment_status":"open","ping_status":"closed","template":"","meta":[],"product_brand":[],"product_cat":[251],"product_tag":[],"class_list":{"0":"post-46858","1":"product","2":"type-product","3":"status-publish","4":"has-post-thumbnail","6":"product_cat-painting","8":"first","9":"instock","10":"sold-individually","11":"shipping-taxable","12":"purchasable","13":"product-type-simple"},"_links":{"self":[{"href":"https:\/\/sokratev.com\/de\/wp-json\/wp\/v2\/product\/46858","targetHints":{"allow":["GET"]}}],"collection":[{"href":"https:\/\/sokratev.com\/de\/wp-json\/wp\/v2\/product"}],"about":[{"href":"https:\/\/sokratev.com\/de\/wp-json\/wp\/v2\/types\/product"}],"replies":[{"embeddable":true,"href":"https:\/\/sokratev.com\/de\/wp-json\/wp\/v2\/comments?post=46858"}],"version-history":[{"count":5,"href":"https:\/\/sokratev.com\/de\/wp-json\/wp\/v2\/product\/46858\/revisions"}],"predecessor-version":[{"id":48181,"href":"https:\/\/sokratev.com\/de\/wp-json\/wp\/v2\/product\/46858\/revisions\/48181"}],"wp:featuredmedia":[{"embeddable":true,"href":"https:\/\/sokratev.com\/de\/wp-json\/wp\/v2\/media\/48408"}],"wp:attachment":[{"href":"https:\/\/sokratev.com\/de\/wp-json\/wp\/v2\/media?parent=46858"}],"wp:term":[{"taxonomy":"product_brand","embeddable":true,"href":"https:\/\/sokratev.com\/de\/wp-json\/wp\/v2\/product_brand?post=46858"},{"taxonomy":"product_cat","embeddable":true,"href":"https:\/\/sokratev.com\/de\/wp-json\/wp\/v2\/product_cat?post=46858"},{"taxonomy":"product_tag","embeddable":true,"href":"https:\/\/sokratev.com\/de\/wp-json\/wp\/v2\/product_tag?post=46858"}],"curies":[{"name":"wp","href":"https:\/\/api.w.org\/{rel}","templated":true}]}}