{"id":46859,"date":"2025-11-13T09:55:44","date_gmt":"2025-11-13T09:55:44","guid":{"rendered":"https:\/\/sokratev.com\/product\/original-painting-by-dimo-sokratev-8\/"},"modified":"2026-01-12T21:19:25","modified_gmt":"2026-01-12T21:19:25","slug":"original-gemalde-von-dimo-sokratev-8","status":"publish","type":"product","link":"https:\/\/sokratev.com\/de\/product\/original-painting-by-dimo-sokratev-8\/","title":{"rendered":"Gem\u00e4lde des Autors - \u201cElegante Anregung\u201d"},"content":{"rendered":"<div class=\"flex flex-col text-sm pb-25\">\n<article class=\"text-token-text-primary w-full focus:outline-none [--shadow-height:45px] has-data-writing-block:pointer-events-none has-data-writing-block:-mt-(--shadow-height) has-data-writing-block:pt-(--shadow-height) [&amp;:has([data-writing-block])&gt;*]:pointer-events-auto scroll-mt-[calc(var(--header-height)+min(200px,max(70px,20svh)))]\" dir=\"auto\" tabindex=\"-1\" data-turn-id=\"request-69444f22-0b8c-8325-a514-fa2681fc1d97-49\" data-testid=\"conversation-turn-184\" data-scroll-anchor=\"true\" data-turn=\"assistant\">\n<div class=\"text-base my-auto mx-auto pb-10 [--thread-content-margin:--spacing(4)] @w-sm\/main:[--thread-content-margin:--spacing(6)] @w-lg\/main:[--thread-content-margin:--spacing(16)] px-(--thread-content-margin)\">\n<div class=\"[--thread-content-max-width:40rem] @w-lg\/main:[--thread-content-max-width:48rem] mx-auto max-w-(--thread-content-max-width) flex-1 group\/turn-messages focus-visible:outline-hidden relative flex w-full min-w-0 flex-col agent-turn\" tabindex=\"-1\">\n<div class=\"flex max-w-full flex-col grow\">\n<div class=\"min-h-8 text-message relative flex w-full flex-col items-end gap-2 text-start break-words whitespace-normal [.text-message+&amp;]:mt-1\" dir=\"auto\" data-message-author-role=\"assistant\" data-message-id=\"cbb8ccd6-ee57-44d1-9ccd-1bf702366809\" data-message-model-slug=\"gpt-5-2\">\n<div class=\"flex w-full flex-col gap-1 empty:hidden first:pt-[1px]\">\n<div class=\"markdown prose dark:prose-invert w-full break-words light markdown-new-styling\">\n<ul data-start=\"110\" data-end=\"238\">\n<li data-start=\"110\" data-end=\"143\">\n<p data-start=\"112\" data-end=\"143\">Hand-painted abstract artwork<\/p>\n<\/li>\n<li data-start=\"144\" data-end=\"164\">\n<p data-start=\"146\" data-end=\"164\">Artist: Sokratev<\/p>\n<\/li>\n<li data-start=\"165\" data-end=\"189\">\n<p data-start=\"167\" data-end=\"189\">Signed by the artist<\/p>\n<\/li>\n<li data-start=\"190\" data-end=\"238\">\n<p data-start=\"192\" data-end=\"238\">Accompanied by a certificate of authenticity<\/p>\n<\/li>\n<\/ul>\n<p data-start=\"240\" data-end=\"367\" data-is-last-node=\"\" data-is-only-node=\"\">A refined and timeless art piece that brings calm, elegance, and contemplative depth to a home, office, or curated art space.<\/p>\n<\/div>\n<\/div>\n<\/div>\n<\/div>\n<div class=\"z-0 flex min-h-[46px] justify-start\"><\/div>\n<div class=\"mt-3 w-full empty:hidden\">\n<div class=\"text-center\"><\/div>\n<\/div>\n<\/div>\n<\/div>\n<\/article>\n<\/div>\n<div class=\"pointer-events-none h-px w-px absolute bottom-0\" aria-hidden=\"true\" data-edge=\"true\"><\/div>\n","protected":false},"excerpt":{"rendered":"<p><strong>Gr\u00f6\u00dfe: 100x100cm<\/strong><\/p>\n<p><strong>\u00d6l auf Leinwand<\/strong><\/p>\n<p data-start=\"155\" data-end=\"492\">\u201cElegant Suggestion\u201d ist ein abstraktes und poetisches Gem\u00e4lde, das es bewusst vermeidet, ein einziges, festes Bild vorzuschreiben. In den weichen, flie\u00dfenden Linien kann der Betrachter eine Muschel, die Bewegung der Materie oder eine aus einem inneren Impuls entstandene Form erkennen. Warme erdige und perlmuttartige T\u00f6ne vermitteln ein Gef\u00fchl von Weichheit, Tiefe und kontemplativer Ruhe.<\/p>\n<p data-start=\"494\" data-end=\"806\">Die malerische Oberfl\u00e4che hat eine samtige Gl\u00e4tte und ein subtiles Gleichgewicht der Farben, was das Kunstwerk besonders fesselnd macht, wenn man es pers\u00f6nlich erlebt. Es handelt sich um ein Gem\u00e4lde, das nicht direkt eine Geschichte erz\u00e4hlt, sondern den Betrachter sanft dazu einl\u00e4dt, eine zu entdecken - gepr\u00e4gt von pers\u00f6nlichen Emotionen, Stimmungen und innerer Wahrnehmung.<\/p>\n<p data-start=\"808\" data-end=\"974\">Dieses handgemalte abstrakte Kunstwerk ist eine elegante Wahl f\u00fcr ein Zuhause, ein B\u00fcro oder eine Kunstsammlung, in der zeitgen\u00f6ssische Kunst mit Stil, Bedeutung und ruhigen Emotionen gesucht wird.<\/p>\n<p data-start=\"976\" data-end=\"1086\"><strong data-start=\"976\" data-end=\"1086\">W\u00e4hlen Sie ein Gem\u00e4lde, das nicht erkl\u00e4rt, sondern vorschl\u00e4gt - Kunst, die Raum f\u00fcr Ihre eigene Interpretation l\u00e4sst.<\/strong><\/p>","protected":false},"featured_media":48407,"comment_status":"open","ping_status":"closed","template":"","meta":[],"product_brand":[],"product_cat":[251],"product_tag":[],"class_list":{"0":"post-46859","1":"product","2":"type-product","3":"status-publish","4":"has-post-thumbnail","6":"product_cat-painting","8":"first","9":"instock","10":"sold-individually","11":"shipping-taxable","12":"purchasable","13":"product-type-simple"},"_links":{"self":[{"href":"https:\/\/sokratev.com\/de\/wp-json\/wp\/v2\/product\/46859","targetHints":{"allow":["GET"]}}],"collection":[{"href":"https:\/\/sokratev.com\/de\/wp-json\/wp\/v2\/product"}],"about":[{"href":"https:\/\/sokratev.com\/de\/wp-json\/wp\/v2\/types\/product"}],"replies":[{"embeddable":true,"href":"https:\/\/sokratev.com\/de\/wp-json\/wp\/v2\/comments?post=46859"}],"version-history":[{"count":4,"href":"https:\/\/sokratev.com\/de\/wp-json\/wp\/v2\/product\/46859\/revisions"}],"predecessor-version":[{"id":48178,"href":"https:\/\/sokratev.com\/de\/wp-json\/wp\/v2\/product\/46859\/revisions\/48178"}],"wp:featuredmedia":[{"embeddable":true,"href":"https:\/\/sokratev.com\/de\/wp-json\/wp\/v2\/media\/48407"}],"wp:attachment":[{"href":"https:\/\/sokratev.com\/de\/wp-json\/wp\/v2\/media?parent=46859"}],"wp:term":[{"taxonomy":"product_brand","embeddable":true,"href":"https:\/\/sokratev.com\/de\/wp-json\/wp\/v2\/product_brand?post=46859"},{"taxonomy":"product_cat","embeddable":true,"href":"https:\/\/sokratev.com\/de\/wp-json\/wp\/v2\/product_cat?post=46859"},{"taxonomy":"product_tag","embeddable":true,"href":"https:\/\/sokratev.com\/de\/wp-json\/wp\/v2\/product_tag?post=46859"}],"curies":[{"name":"wp","href":"https:\/\/api.w.org\/{rel}","templated":true}]}}