{"id":46862,"date":"2025-11-13T09:55:46","date_gmt":"2025-11-13T09:55:46","guid":{"rendered":"https:\/\/sokratev.com\/product\/original-painting-by-dimo-sokratev-11\/"},"modified":"2026-01-12T21:27:50","modified_gmt":"2026-01-12T21:27:50","slug":"original-gemalde-von-dimo-sokratev-11","status":"publish","type":"product","link":"https:\/\/sokratev.com\/de\/product\/original-painting-by-dimo-sokratev-11\/","title":{"rendered":"Gem\u00e4lde des Autors - \u201cDer Kampf der Kr\u00e4fte\u201d"},"content":{"rendered":"<p>Jedes Gem\u00e4lde von Sokratev ist vom K\u00fcnstler signiert und wird von einem Echtheitszertifikat begleitet, was es nicht nur zu einem eindrucksvollen visuellen Erlebnis macht, sondern auch zu einer wertvollen Investition in Originalkunst. Es ist eine ideale Wahl f\u00fcr Sammler und Bewunderer zeitgen\u00f6ssischer Kunst sowie ein sinnvolles und luxuri\u00f6ses Geschenk.<\/p>\n<p><strong>Geeignet f\u00fcr:<\/strong><\/p>\n<ul>\n<li>modernes Interieur<\/li>\n<li>B\u00fcro- und Gesch\u00e4ftsr\u00e4ume<\/li>\n<li>Kunstsammlung<\/li>\n<li>Luxusgeschenk<\/li>\n<li>Investition in Originalkunst<\/li>\n<\/ul>","protected":false},"excerpt":{"rendered":"<p><strong>Gr\u00f6\u00dfe: 60\u00d760 cm\u00a0\u00a0\u00a0\u00a0 \u00a0\u00a0\u00a0\u00a0\u00a0\u00a0\u00a0\u00a0\u00a0\u00a0 \u00a0 \u00a0 \u00a0 \u00a0 \u00a0 \u00a0\u00a0<\/strong><\/p>\n<p><strong>\u00d6l auf Leinwand<\/strong><\/p>\n<p><strong>Der Kampf der Kr\u00e4fte<\/strong>\u00a0ist ein Originalgem\u00e4lde mit L\u00f6wen, das einen urspr\u00fcnglichen Moment von Spannung, Dominanz und innerer St\u00e4rke festh\u00e4lt. Zwei L\u00f6wen stehen sich in einer goldenen Landschaft Auge in Auge gegen\u00fcber und symbolisieren den Kampf zwischen Instinkt und Vernunft, zwischen Aktion und Selbstbeherrschung.<\/p>\n<p>Mit einer ausdrucksstarken Maltechnik, satten Erdt\u00f6nen und dynamischen Pinselstrichen vermittelt das Kunstwerk ein starkes Gef\u00fchl von Bewegung, Energie und Pr\u00e4senz. Der L\u00f6we - ein ewiges Symbol f\u00fcr St\u00e4rke, F\u00fchrung, Mut und Unabh\u00e4ngigkeit - verwandelt dieses Werk in ein kraftvolles visuelles Statement, das sich f\u00fcr eine moderne Inneneinrichtung, ein B\u00fcro, eine Galerie oder eine Privatsammlung eignet.<\/p>\n<p>&nbsp;<\/p>","protected":false},"featured_media":48412,"comment_status":"open","ping_status":"closed","template":"","meta":[],"product_brand":[],"product_cat":[251],"product_tag":[],"class_list":{"0":"post-46862","1":"product","2":"type-product","3":"status-publish","4":"has-post-thumbnail","6":"product_cat-painting","8":"first","9":"instock","10":"sold-individually","11":"shipping-taxable","12":"purchasable","13":"product-type-simple"},"_links":{"self":[{"href":"https:\/\/sokratev.com\/de\/wp-json\/wp\/v2\/product\/46862","targetHints":{"allow":["GET"]}}],"collection":[{"href":"https:\/\/sokratev.com\/de\/wp-json\/wp\/v2\/product"}],"about":[{"href":"https:\/\/sokratev.com\/de\/wp-json\/wp\/v2\/types\/product"}],"replies":[{"embeddable":true,"href":"https:\/\/sokratev.com\/de\/wp-json\/wp\/v2\/comments?post=46862"}],"version-history":[{"count":5,"href":"https:\/\/sokratev.com\/de\/wp-json\/wp\/v2\/product\/46862\/revisions"}],"predecessor-version":[{"id":48091,"href":"https:\/\/sokratev.com\/de\/wp-json\/wp\/v2\/product\/46862\/revisions\/48091"}],"wp:featuredmedia":[{"embeddable":true,"href":"https:\/\/sokratev.com\/de\/wp-json\/wp\/v2\/media\/48412"}],"wp:attachment":[{"href":"https:\/\/sokratev.com\/de\/wp-json\/wp\/v2\/media?parent=46862"}],"wp:term":[{"taxonomy":"product_brand","embeddable":true,"href":"https:\/\/sokratev.com\/de\/wp-json\/wp\/v2\/product_brand?post=46862"},{"taxonomy":"product_cat","embeddable":true,"href":"https:\/\/sokratev.com\/de\/wp-json\/wp\/v2\/product_cat?post=46862"},{"taxonomy":"product_tag","embeddable":true,"href":"https:\/\/sokratev.com\/de\/wp-json\/wp\/v2\/product_tag?post=46862"}],"curies":[{"name":"wp","href":"https:\/\/api.w.org\/{rel}","templated":true}]}}