{"id":46864,"date":"2025-11-13T09:55:47","date_gmt":"2025-11-13T09:55:47","guid":{"rendered":"https:\/\/sokratev.com\/product\/original-painting-by-dimo-sokratev-13\/"},"modified":"2026-01-12T21:30:20","modified_gmt":"2026-01-12T21:30:20","slug":"original-gemalde-von-dimo-sokratev-13","status":"publish","type":"product","link":"https:\/\/sokratev.com\/de\/product\/original-painting-by-dimo-sokratev-13\/","title":{"rendered":"Gem\u00e4lde des Autors - \u201cMorgen \u00fcber den Bergen\u201d"},"content":{"rendered":"<ul data-start=\"127\" data-end=\"246\">\n<li data-start=\"152\" data-end=\"172\">\n<p data-start=\"154\" data-end=\"172\">K\u00fcnstler: Sokratev<\/p>\n<\/li>\n<li data-start=\"173\" data-end=\"197\">\n<p data-start=\"175\" data-end=\"197\">Signiert von der K\u00fcnstlerin<\/p>\n<\/li>\n<li data-start=\"198\" data-end=\"246\">\n<p data-start=\"200\" data-end=\"246\">Begleitet von einem Echtheitszertifikat<\/p>\n<\/li>\n<\/ul>\n<p data-start=\"248\" data-end=\"347\" data-is-last-node=\"\" data-is-only-node=\"\">Ein warmes und raffiniertes Kunstwerk, das Gem\u00fctlichkeit, Ruhe und ein Gef\u00fchl von Zuhause in jeden Wohnbereich bringt.<\/p>","protected":false},"excerpt":{"rendered":"<p><strong>Gr\u00f6\u00dfe: 80x80cm<\/strong><\/p>\n<p><strong>Acryl auf Leinwand<\/strong><\/p>\n<p data-start=\"36\" data-end=\"380\">\u201cMorgens \u00fcber den Bergen\u201d ist ein gem\u00fctliches und inspirierendes Gem\u00e4lde, das diesen ruhigen, goldenen Moment des Sonnenaufgangs einf\u00e4ngt, wenn die Welt langsam erwacht und alles von Ruhe erf\u00fcllt ist. Das warme Sonnenlicht breitet sich sanft \u00fcber die Bergk\u00e4mme aus, w\u00e4hrend die kleine Terrasse mit einer Tasse Kaffee ein Gef\u00fchl von Heimat, N\u00e4he und gemeinsamer Gelassenheit vermittelt.<\/p>\n<p data-start=\"382\" data-end=\"665\">Dieses handgemalte Kunstwerk vermittelt eine Atmosph\u00e4re von W\u00e4rme, Abgeschiedenheit und Harmonie mit der Natur und ist damit ein perfekter Akzent f\u00fcr Wohnzimmer, K\u00fcche, Schlafzimmer oder Ferienhaus. Ideal f\u00fcr Liebhaber von Landschaftsmalerei, gem\u00fctlichen Innenr\u00e4umen und Kunst, die ein Gef\u00fchl von Stimmung und Behaglichkeit erzeugt.<\/p>\n<p data-start=\"667\" data-end=\"790\" data-is-last-node=\"\" data-is-only-node=\"\"><strong data-start=\"667\" data-end=\"790\" data-is-last-node=\"\">Bringen Sie mehr W\u00e4rme und Gem\u00fctlichkeit in Ihr Zuhause mit einem Gem\u00e4lde, das Sie dazu einl\u00e4dt, die Zeit zu verlangsamen und den Moment zu genie\u00dfen.<\/strong><\/p>","protected":false},"featured_media":48414,"comment_status":"open","ping_status":"closed","template":"","meta":[],"product_brand":[],"product_cat":[251],"product_tag":[],"class_list":{"0":"post-46864","1":"product","2":"type-product","3":"status-publish","4":"has-post-thumbnail","6":"product_cat-painting","8":"first","9":"instock","10":"sold-individually","11":"shipping-taxable","12":"purchasable","13":"product-type-simple"},"_links":{"self":[{"href":"https:\/\/sokratev.com\/de\/wp-json\/wp\/v2\/product\/46864","targetHints":{"allow":["GET"]}}],"collection":[{"href":"https:\/\/sokratev.com\/de\/wp-json\/wp\/v2\/product"}],"about":[{"href":"https:\/\/sokratev.com\/de\/wp-json\/wp\/v2\/types\/product"}],"replies":[{"embeddable":true,"href":"https:\/\/sokratev.com\/de\/wp-json\/wp\/v2\/comments?post=46864"}],"version-history":[{"count":5,"href":"https:\/\/sokratev.com\/de\/wp-json\/wp\/v2\/product\/46864\/revisions"}],"predecessor-version":[{"id":48415,"href":"https:\/\/sokratev.com\/de\/wp-json\/wp\/v2\/product\/46864\/revisions\/48415"}],"wp:featuredmedia":[{"embeddable":true,"href":"https:\/\/sokratev.com\/de\/wp-json\/wp\/v2\/media\/48414"}],"wp:attachment":[{"href":"https:\/\/sokratev.com\/de\/wp-json\/wp\/v2\/media?parent=46864"}],"wp:term":[{"taxonomy":"product_brand","embeddable":true,"href":"https:\/\/sokratev.com\/de\/wp-json\/wp\/v2\/product_brand?post=46864"},{"taxonomy":"product_cat","embeddable":true,"href":"https:\/\/sokratev.com\/de\/wp-json\/wp\/v2\/product_cat?post=46864"},{"taxonomy":"product_tag","embeddable":true,"href":"https:\/\/sokratev.com\/de\/wp-json\/wp\/v2\/product_tag?post=46864"}],"curies":[{"name":"wp","href":"https:\/\/api.w.org\/{rel}","templated":true}]}}