{"id":46865,"date":"2025-11-13T09:55:47","date_gmt":"2025-11-13T09:55:47","guid":{"rendered":"https:\/\/sokratev.com\/product\/original-painting-by-dimo-sokratev-14\/"},"modified":"2026-01-12T21:31:36","modified_gmt":"2026-01-12T21:31:36","slug":"original-gemalde-von-dimo-sokratev-14","status":"publish","type":"product","link":"https:\/\/sokratev.com\/de\/product\/original-painting-by-dimo-sokratev-14\/","title":{"rendered":"Gem\u00e4lde des Autors - \u201cDie Stimme des Widerstands\u201d"},"content":{"rendered":"<ul data-start=\"146\" data-end=\"265\">\n<li data-start=\"146\" data-end=\"170\">\n<p data-start=\"148\" data-end=\"170\">Handgemalte Kunstwerke<\/p>\n<\/li>\n<li data-start=\"171\" data-end=\"191\">\n<p data-start=\"173\" data-end=\"191\">K\u00fcnstler: Sokratev<\/p>\n<\/li>\n<li data-start=\"192\" data-end=\"216\">\n<p data-start=\"194\" data-end=\"216\">Signiert von der K\u00fcnstlerin<\/p>\n<\/li>\n<li data-start=\"217\" data-end=\"265\">\n<p data-start=\"219\" data-end=\"265\">Begleitet von einem Echtheitszertifikat<\/p>\n<\/li>\n<\/ul>\n<p data-start=\"267\" data-end=\"417\" data-is-last-node=\"\" data-is-only-node=\"\">Ein bedeutungsvolles und ausdrucksstarkes Kunstwerk, das Emotionen, Charakter und eine starke zeitgen\u00f6ssische Aussage in ein Zuhause, ein B\u00fcro oder einen kunstorientierten Raum bringt.<\/p>","protected":false},"excerpt":{"rendered":"<p><strong>Gr\u00f6\u00dfe: 50x60cm<\/strong><\/p>\n<p><strong>\u00d6l auf Leinwand<\/strong><\/p>\n<p data-start=\"0\" data-end=\"353\">\u201cDie Stimme des Widerstands\u201d ist ein kraftvolles, emotionales Gem\u00e4lde von Sokratev, das die Spannung und den Zorn der heutigen Welt einf\u00e4ngt - ein Moment, in dem ein Mensch sich weigert, zu schweigen. Das durch einen Schrei verzerrte Gesicht steht vor einer verw\u00fcsteten Landschaft und wird zum Symbol f\u00fcr inneren Kampf, Angst und das Streben nach Wahrheit in einer instabilen Zeit.<\/p>\n<p data-start=\"355\" data-end=\"614\">Das Gem\u00e4lde spricht dringende Themen wie Krisen, Kriege, soziale Spannungen und pers\u00f6nlichen Widerstand an, was es f\u00fcr den heutigen Betrachter sehr nahbar macht. Die dramatische Atmosph\u00e4re und die ausdrucksstarke malerische Sprache schaffen eine starke visuelle Pr\u00e4senz, der man sich nicht entziehen kann.<\/p>\n<p data-start=\"616\" data-end=\"749\">Mit diesem Werk vermittelt Sokratev die Botschaft, dass die Kunst manchmal schreien muss, um uns daran zu erinnern, dass wir noch zu Gef\u00fchlen f\u00e4hig sind.<\/p>\n<p data-start=\"751\" data-end=\"873\" data-is-last-node=\"\" data-is-only-node=\"\"><strong data-start=\"751\" data-end=\"873\" data-is-last-node=\"\">Entscheiden Sie sich f\u00fcr ein Gem\u00e4lde, das die Zeit, in der wir leben, k\u00fchn beschreibt - eine starke k\u00fcnstlerische Aussage zu einem erschwinglichen Preis.<\/strong><\/p>","protected":false},"featured_media":48416,"comment_status":"open","ping_status":"closed","template":"","meta":[],"product_brand":[],"product_cat":[251],"product_tag":[],"class_list":{"0":"post-46865","1":"product","2":"type-product","3":"status-publish","4":"has-post-thumbnail","6":"product_cat-painting","8":"first","9":"instock","10":"sold-individually","11":"shipping-taxable","12":"purchasable","13":"product-type-simple"},"_links":{"self":[{"href":"https:\/\/sokratev.com\/de\/wp-json\/wp\/v2\/product\/46865","targetHints":{"allow":["GET"]}}],"collection":[{"href":"https:\/\/sokratev.com\/de\/wp-json\/wp\/v2\/product"}],"about":[{"href":"https:\/\/sokratev.com\/de\/wp-json\/wp\/v2\/types\/product"}],"replies":[{"embeddable":true,"href":"https:\/\/sokratev.com\/de\/wp-json\/wp\/v2\/comments?post=46865"}],"version-history":[{"count":6,"href":"https:\/\/sokratev.com\/de\/wp-json\/wp\/v2\/product\/46865\/revisions"}],"predecessor-version":[{"id":48169,"href":"https:\/\/sokratev.com\/de\/wp-json\/wp\/v2\/product\/46865\/revisions\/48169"}],"wp:featuredmedia":[{"embeddable":true,"href":"https:\/\/sokratev.com\/de\/wp-json\/wp\/v2\/media\/48416"}],"wp:attachment":[{"href":"https:\/\/sokratev.com\/de\/wp-json\/wp\/v2\/media?parent=46865"}],"wp:term":[{"taxonomy":"product_brand","embeddable":true,"href":"https:\/\/sokratev.com\/de\/wp-json\/wp\/v2\/product_brand?post=46865"},{"taxonomy":"product_cat","embeddable":true,"href":"https:\/\/sokratev.com\/de\/wp-json\/wp\/v2\/product_cat?post=46865"},{"taxonomy":"product_tag","embeddable":true,"href":"https:\/\/sokratev.com\/de\/wp-json\/wp\/v2\/product_tag?post=46865"}],"curies":[{"name":"wp","href":"https:\/\/api.w.org\/{rel}","templated":true}]}}