{"id":46867,"date":"2025-11-13T09:55:49","date_gmt":"2025-11-13T09:55:49","guid":{"rendered":"https:\/\/sokratev.com\/product\/original-painting-by-dimo-sokratev-16\/"},"modified":"2026-01-12T21:36:16","modified_gmt":"2026-01-12T21:36:16","slug":"original-gemalde-von-dimo-sokratev-16","status":"publish","type":"product","link":"https:\/\/sokratev.com\/de\/product\/original-painting-by-dimo-sokratev-16\/","title":{"rendered":"Gem\u00e4lde des Autors - \u201cDie Lektion der Stille\u201d"},"content":{"rendered":"<ul data-start=\"104\" data-end=\"247\">\n<li data-start=\"104\" data-end=\"128\">\n<p data-start=\"106\" data-end=\"128\">K\u00fcnstler: Sokratev<\/p>\n<\/li>\n<li data-start=\"129\" data-end=\"167\">\n<p data-start=\"131\" data-end=\"167\">Handgemalte Kunstwerke auf Leinwand<\/p>\n<\/li>\n<li data-start=\"168\" data-end=\"196\">\n<p data-start=\"170\" data-end=\"196\">Signiert von der K\u00fcnstlerin<\/p>\n<\/li>\n<li data-start=\"197\" data-end=\"247\">\n<p data-start=\"199\" data-end=\"247\">Begleitet von einem Echtheitszertifikat<\/p>\n<\/li>\n<\/ul>\n<p data-start=\"249\" data-end=\"384\" data-is-last-node=\"\" data-is-only-node=\"\">Ein raffiniertes zeitgen\u00f6ssisches Gem\u00e4lde, ideal f\u00fcr einen ersten Kunstkauf, ein sinnvolles Geschenk oder eine durchdachte Investition in handgemalte Kunst.<\/p>","protected":false},"excerpt":{"rendered":"<p><strong>Gr\u00f6\u00dfe: 60x50cm<\/strong><\/p>\n<p><strong>Acryl auf Leinwand<\/strong><\/p>\n<p data-start=\"116\" data-end=\"434\">\u201cThe Lesson of Silence\u201d ist ein handgemaltes Kunstwerk auf Leinwand von Sokratev, das einen stillen und zutiefst menschlichen Moment einf\u00e4ngt - die Weitergabe von Wissen, Vertrauen und Orientierung zwischen den Generationen. Die Begegnung zwischen dem Krieger und dem Kind vermittelt ein Gef\u00fchl von Respekt, F\u00fcrsorge und innerer St\u00e4rke, das ohne Worte zum Ausdruck kommt.<\/p>\n<p data-start=\"657\" data-end=\"801\">Die erdige Farbpalette und die ruhige Komposition verleihen dem Gem\u00e4lde eine ausgewogene und aussagekr\u00e4ftige Pr\u00e4senz und machen es besonders geeignet f\u00fcr ein Zuhause, ein B\u00fcro oder einen pers\u00f6nlichen Raum, in dem Tiefe und Emotionen gesch\u00e4tzt werden.<\/p>\n<p data-start=\"657\" data-end=\"801\">Das Kunstwerk ist eine ausgezeichnete Wahl f\u00fcr einen ersten Kunstkauf, ein sinnvolles Geschenk oder eine durchdachte und sinnvolle Investition in ein handgemaltes Werk.<\/p>\n<p data-start=\"803\" data-end=\"874\" data-is-last-node=\"\" data-is-only-node=\"\"><strong data-start=\"803\" data-end=\"874\" data-is-last-node=\"\">Stille St\u00e4rke, eingefangen in Kunst - zug\u00e4nglich, bedeutungsvoll und wahr. .<\/strong><\/p>","protected":false},"featured_media":48420,"comment_status":"open","ping_status":"closed","template":"","meta":[],"product_brand":[],"product_cat":[251],"product_tag":[],"class_list":{"0":"post-46867","1":"product","2":"type-product","3":"status-publish","4":"has-post-thumbnail","6":"product_cat-painting","8":"first","9":"instock","10":"sold-individually","11":"shipping-taxable","12":"purchasable","13":"product-type-simple"},"_links":{"self":[{"href":"https:\/\/sokratev.com\/de\/wp-json\/wp\/v2\/product\/46867","targetHints":{"allow":["GET"]}}],"collection":[{"href":"https:\/\/sokratev.com\/de\/wp-json\/wp\/v2\/product"}],"about":[{"href":"https:\/\/sokratev.com\/de\/wp-json\/wp\/v2\/types\/product"}],"replies":[{"embeddable":true,"href":"https:\/\/sokratev.com\/de\/wp-json\/wp\/v2\/comments?post=46867"}],"version-history":[{"count":6,"href":"https:\/\/sokratev.com\/de\/wp-json\/wp\/v2\/product\/46867\/revisions"}],"predecessor-version":[{"id":48163,"href":"https:\/\/sokratev.com\/de\/wp-json\/wp\/v2\/product\/46867\/revisions\/48163"}],"wp:featuredmedia":[{"embeddable":true,"href":"https:\/\/sokratev.com\/de\/wp-json\/wp\/v2\/media\/48420"}],"wp:attachment":[{"href":"https:\/\/sokratev.com\/de\/wp-json\/wp\/v2\/media?parent=46867"}],"wp:term":[{"taxonomy":"product_brand","embeddable":true,"href":"https:\/\/sokratev.com\/de\/wp-json\/wp\/v2\/product_brand?post=46867"},{"taxonomy":"product_cat","embeddable":true,"href":"https:\/\/sokratev.com\/de\/wp-json\/wp\/v2\/product_cat?post=46867"},{"taxonomy":"product_tag","embeddable":true,"href":"https:\/\/sokratev.com\/de\/wp-json\/wp\/v2\/product_tag?post=46867"}],"curies":[{"name":"wp","href":"https:\/\/api.w.org\/{rel}","templated":true}]}}