{"id":46871,"date":"2025-11-13T09:55:50","date_gmt":"2025-11-13T09:55:50","guid":{"rendered":"https:\/\/sokratev.com\/product\/original-painting-by-dimo-sokratev-20\/"},"modified":"2026-01-12T21:41:32","modified_gmt":"2026-01-12T21:41:32","slug":"original-gemalde-von-dimo-sokratev-20","status":"publish","type":"product","link":"https:\/\/sokratev.com\/de\/product\/original-painting-by-dimo-sokratev-20\/","title":{"rendered":"Gem\u00e4lde des Autors - \u201cDas Auge hinter dem Schmetterling\u201d"},"content":{"rendered":"<ul data-start=\"120\" data-end=\"293\">\n<li data-start=\"120\" data-end=\"153\">\n<p data-start=\"122\" data-end=\"153\">Handgemalte Originalkunstwerke<\/p>\n<\/li>\n<li data-start=\"154\" data-end=\"178\">\n<p data-start=\"156\" data-end=\"178\">K\u00fcnstler: <strong data-start=\"164\" data-end=\"176\">Sokratev<\/strong><\/p>\n<\/li>\n<li data-start=\"179\" data-end=\"203\">\n<p data-start=\"181\" data-end=\"203\">Signiert von der K\u00fcnstlerin<\/p>\n<\/li>\n<li data-start=\"204\" data-end=\"244\">\n<p data-start=\"206\" data-end=\"244\">Einzigartiges St\u00fcck (Einzelausgabe)<\/p>\n<\/li>\n<li data-start=\"245\" data-end=\"293\">\n<p data-start=\"247\" data-end=\"293\">Begleitet von einem Echtheitszertifikat<\/p>\n<\/li>\n<\/ul>\n<p data-start=\"295\" data-end=\"417\" data-is-last-node=\"\" data-is-only-node=\"\"><em data-start=\"295\" data-end=\"417\" data-is-last-node=\"\">Ein ausdrucksstarkes und bedeutungsvolles Kunstwerk, geschaffen f\u00fcr Sammler, die Symbolik, Emotionen und zeitlose visuelle Eleganz sch\u00e4tzen.<\/em><\/p>","protected":false},"excerpt":{"rendered":"<p><strong>Gr\u00f6\u00dfe: 100x100cm<\/strong><\/p>\n<p><strong>Acryl auf Leinwand<\/strong><\/p>\n<p data-start=\"132\" data-end=\"485\">\u201cDas Auge hinter dem Schmetterling\u201d ist ein magisches und symbolisches Gem\u00e4lde, in dem der Blick und der Schmetterling zu einer Einheit verschmelzen - ein Bild des inneren Erwachens, des zarten Wandels und der fragilen Sch\u00f6nheit der Seele. Das Auge hinter dem Schmetterling scheint \u00fcber das Sichtbare hinauszublicken, w\u00e4hrend die \u00e4therischen Formen und flie\u00dfenden Farben ein Gef\u00fchl von Leichtigkeit, Geheimnis und sanfter Kraft vermitteln.<\/p>\n<p data-start=\"487\" data-end=\"710\">Dieses handgemalte Kunstwerk strahlt poetische Ruhe und Tiefe aus und ist ein emotionaler Akzent f\u00fcr Ihr Zuhause, Ihr B\u00fcro oder Ihre Kunstsammlung. Es ist ideal f\u00fcr Liebhaber zeitgen\u00f6ssischer Kunst, symboltr\u00e4chtiger Gem\u00e4lde und Werke mit Bedeutung.<\/p>\n<p data-start=\"712\" data-end=\"810\" data-is-last-node=\"\" data-is-only-node=\"\"><strong data-start=\"712\" data-end=\"810\" data-is-last-node=\"\">W\u00e4hlen Sie ein Bild, das Sie daran erinnert, dass die gr\u00f6\u00dfte St\u00e4rke manchmal in der sanften Ver\u00e4nderung liegt.<\/strong><\/p>","protected":false},"featured_media":48424,"comment_status":"open","ping_status":"closed","template":"","meta":[],"product_brand":[],"product_cat":[251],"product_tag":[],"class_list":{"0":"post-46871","1":"product","2":"type-product","3":"status-publish","4":"has-post-thumbnail","6":"product_cat-painting","8":"first","9":"instock","10":"sold-individually","11":"shipping-taxable","12":"purchasable","13":"product-type-simple"},"_links":{"self":[{"href":"https:\/\/sokratev.com\/de\/wp-json\/wp\/v2\/product\/46871","targetHints":{"allow":["GET"]}}],"collection":[{"href":"https:\/\/sokratev.com\/de\/wp-json\/wp\/v2\/product"}],"about":[{"href":"https:\/\/sokratev.com\/de\/wp-json\/wp\/v2\/types\/product"}],"replies":[{"embeddable":true,"href":"https:\/\/sokratev.com\/de\/wp-json\/wp\/v2\/comments?post=46871"}],"version-history":[{"count":6,"href":"https:\/\/sokratev.com\/de\/wp-json\/wp\/v2\/product\/46871\/revisions"}],"predecessor-version":[{"id":48151,"href":"https:\/\/sokratev.com\/de\/wp-json\/wp\/v2\/product\/46871\/revisions\/48151"}],"wp:featuredmedia":[{"embeddable":true,"href":"https:\/\/sokratev.com\/de\/wp-json\/wp\/v2\/media\/48424"}],"wp:attachment":[{"href":"https:\/\/sokratev.com\/de\/wp-json\/wp\/v2\/media?parent=46871"}],"wp:term":[{"taxonomy":"product_brand","embeddable":true,"href":"https:\/\/sokratev.com\/de\/wp-json\/wp\/v2\/product_brand?post=46871"},{"taxonomy":"product_cat","embeddable":true,"href":"https:\/\/sokratev.com\/de\/wp-json\/wp\/v2\/product_cat?post=46871"},{"taxonomy":"product_tag","embeddable":true,"href":"https:\/\/sokratev.com\/de\/wp-json\/wp\/v2\/product_tag?post=46871"}],"curies":[{"name":"wp","href":"https:\/\/api.w.org\/{rel}","templated":true}]}}