{"id":46872,"date":"2025-11-13T09:55:50","date_gmt":"2025-11-13T09:55:50","guid":{"rendered":"https:\/\/sokratev.com\/product\/original-painting-by-dimo-sokratev-21\/"},"modified":"2026-01-12T21:38:43","modified_gmt":"2026-01-12T21:38:43","slug":"original-gemalde-von-dimo-sokratev-21","status":"publish","type":"product","link":"https:\/\/sokratev.com\/de\/product\/original-painting-by-dimo-sokratev-21\/","title":{"rendered":"Gem\u00e4lde des Autors - \u201cEngel \u00fcber dem Sturm\u201d"},"content":{"rendered":"<ul data-start=\"114\" data-end=\"246\">\n<li data-start=\"114\" data-end=\"138\">\n<p data-start=\"116\" data-end=\"138\">Handgemalte Kunstwerke<\/p>\n<\/li>\n<li data-start=\"139\" data-end=\"172\">\n<p data-start=\"141\" data-end=\"172\">Signiert von dem K\u00fcnstler Sokratev<\/p>\n<\/li>\n<li data-start=\"173\" data-end=\"213\">\n<p data-start=\"175\" data-end=\"213\">Inklusive Echtheitszertifikat<\/p>\n<\/li>\n<\/ul>\n<p data-start=\"248\" data-end=\"395\" data-is-last-node=\"\" data-is-only-node=\"\"><em data-start=\"248\" data-end=\"395\" data-is-last-node=\"\">Eine aussagekr\u00e4ftige und kraftvolle k\u00fcnstlerische Aussage, ideal f\u00fcr ein Zuhause, ein B\u00fcro oder eine Kunstsammlung, wo Tiefe, Charakter und visuelle Wirkung wirklich wichtig sind.<\/em><\/p>","protected":false},"excerpt":{"rendered":"<p><strong>Gr\u00f6\u00dfe: 100x100cm<\/strong><\/p>\n<p><strong>Acryl auf Leinwand<\/strong><\/p>\n<p data-start=\"209\" data-end=\"540\">\u201cEngel \u00fcber dem Sturm\u201d ist ein kraftvolles symbolisches Gem\u00e4lde, das eine Engelsfigur darstellt, die \u00fcber dichten Wolken steht - ein Moment der Stille, des Schutzes und der inneren Erhebung. Der Engel \u00fcber dem Chaos symbolisiert F\u00fchrung, Widerstandsf\u00e4higkeit und die stille St\u00e4rke, die selbst in den heftigsten inneren St\u00fcrmen \u00fcber uns wacht.<\/p>\n<p data-start=\"542\" data-end=\"842\">Dieses handgemalte Kunstwerk tr\u00e4gt eine tiefe emotionale und spirituelle Botschaft in sich und ist damit ideal f\u00fcr Sammler von zeitgen\u00f6ssischer Kunst, symbolischen Gem\u00e4lden und Werken mit philosophischem Tiefgang. Es ist eine gute Wahl f\u00fcr ein Zuhause, ein B\u00fcro oder eine Kunstsammlung, in der Bedeutung, Charakter und visuelle Wirkung wichtig sind.<\/p>\n<p data-start=\"844\" data-end=\"957\"><strong data-start=\"844\" data-end=\"957\">W\u00e4hlen Sie ein Bild, das Sie daran erinnert, dass wahre St\u00e4rke darin liegt, \u00fcber dem Sturm zu stehen - gef\u00fchrt und gesch\u00fctzt.<\/strong><\/p>","protected":false},"featured_media":48422,"comment_status":"open","ping_status":"closed","template":"","meta":[],"product_brand":[],"product_cat":[251],"product_tag":[],"class_list":{"0":"post-46872","1":"product","2":"type-product","3":"status-publish","4":"has-post-thumbnail","6":"product_cat-painting","8":"first","9":"instock","10":"sold-individually","11":"shipping-taxable","12":"purchasable","13":"product-type-simple"},"_links":{"self":[{"href":"https:\/\/sokratev.com\/de\/wp-json\/wp\/v2\/product\/46872","targetHints":{"allow":["GET"]}}],"collection":[{"href":"https:\/\/sokratev.com\/de\/wp-json\/wp\/v2\/product"}],"about":[{"href":"https:\/\/sokratev.com\/de\/wp-json\/wp\/v2\/types\/product"}],"replies":[{"embeddable":true,"href":"https:\/\/sokratev.com\/de\/wp-json\/wp\/v2\/comments?post=46872"}],"version-history":[{"count":5,"href":"https:\/\/sokratev.com\/de\/wp-json\/wp\/v2\/product\/46872\/revisions"}],"predecessor-version":[{"id":48147,"href":"https:\/\/sokratev.com\/de\/wp-json\/wp\/v2\/product\/46872\/revisions\/48147"}],"wp:featuredmedia":[{"embeddable":true,"href":"https:\/\/sokratev.com\/de\/wp-json\/wp\/v2\/media\/48422"}],"wp:attachment":[{"href":"https:\/\/sokratev.com\/de\/wp-json\/wp\/v2\/media?parent=46872"}],"wp:term":[{"taxonomy":"product_brand","embeddable":true,"href":"https:\/\/sokratev.com\/de\/wp-json\/wp\/v2\/product_brand?post=46872"},{"taxonomy":"product_cat","embeddable":true,"href":"https:\/\/sokratev.com\/de\/wp-json\/wp\/v2\/product_cat?post=46872"},{"taxonomy":"product_tag","embeddable":true,"href":"https:\/\/sokratev.com\/de\/wp-json\/wp\/v2\/product_tag?post=46872"}],"curies":[{"name":"wp","href":"https:\/\/api.w.org\/{rel}","templated":true}]}}