{"id":46874,"date":"2025-11-13T09:55:51","date_gmt":"2025-11-13T09:55:51","guid":{"rendered":"https:\/\/sokratev.com\/product\/original-painting-by-dimo-sokratev-23\/"},"modified":"2026-01-12T21:43:44","modified_gmt":"2026-01-12T21:43:44","slug":"original-gemalde-von-dimo-sokratev-23","status":"publish","type":"product","link":"https:\/\/sokratev.com\/de\/product\/original-painting-by-dimo-sokratev-23\/","title":{"rendered":"Gem\u00e4lde des Autors - \u201cDer Winterweg\u201d"},"content":{"rendered":"<ul data-start=\"126\" data-end=\"246\">\n<li data-start=\"126\" data-end=\"146\">\n<p data-start=\"128\" data-end=\"146\">K\u00fcnstler: Sokratev<\/p>\n<\/li>\n<li data-start=\"202\" data-end=\"221\">\n<p data-start=\"204\" data-end=\"221\">Verkauft mit Rahmen<\/p>\n<\/li>\n<li data-start=\"159\" data-end=\"192\">\n<p data-start=\"161\" data-end=\"192\">Signiert von dem K\u00fcnstler Sokratev<\/p>\n<\/li>\n<li data-start=\"193\" data-end=\"241\">\n<p data-start=\"195\" data-end=\"241\">Begleitet von einem Echtheitszertifikat<\/p>\n<\/li>\n<\/ul>\n<p data-start=\"248\" data-end=\"377\" data-is-last-node=\"\" data-is-only-node=\"\">Ein raffiniertes und stimmungsvolles Kunstwerk, das Tiefe, Ruhe, Gem\u00fctlichkeit und Charakter in ein Haus, ein B\u00fcro oder einen repr\u00e4sentativen Raum bringt.<\/p>\n<p data-start=\"248\" data-end=\"377\" data-is-last-node=\"\" data-is-only-node=\"\">Das Kunstwerk wird mit dem auf den Fotos gezeigten Rahmen verkauft. Die auf den Bildern sichtbaren Pinsel sind nicht im Lieferumfang enthalten und dienen nur der visuellen Pr\u00e4sentation.<\/p>","protected":false},"excerpt":{"rendered":"<p><strong>Gr\u00f6\u00dfe: 70x100cm<\/strong><\/p>\n<p><strong>\u00d6l auf Leinwand, mit Rahmen<\/strong><\/p>\n<p data-start=\"187\" data-end=\"550\">\u201cDer Winterweg\u201d ist ein eindrucksvolles Wintergem\u00e4lde, das eine ruhige Geschichte von Bewegung, Hoffnung und der Reise nach vorn erz\u00e4hlt. Der Zug taucht durch den schneebedeckten Wald als Symbol f\u00fcr Richtung und innere Entschlossenheit auf, w\u00e4hrend die kalte Winteratmosph\u00e4re sanft in das warme Licht des Himmels geh\u00fcllt ist - ein Kontrast, der ein Gef\u00fchl von Schutz und Vorfreude hervorruft.<\/p>\n<p data-start=\"552\" data-end=\"937\">Die mit viel Liebe zum Detail und malerischer Tiefe gestaltete Szene vermittelt ein Gef\u00fchl von Bewegung in der Winterlandschaft und verwandelt die Stille in einen Raum der Besinnung und des Neubeginns. Dieses handgemalte Winterkunstwerk eignet sich gut f\u00fcr ein modernes Zuhause, ein B\u00fcro oder einen Kunstraum und ist eine ausgezeichnete Wahl f\u00fcr Bewunderer von zeitgen\u00f6ssischer Kunst, Landschaftsmalerei und symbolischen Szenen.<\/p>\n<p data-start=\"939\" data-end=\"1049\"><strong>W\u00e4hlen Sie ein Bild, das Sie daran erinnert, dass der Weg nach vorne denen geh\u00f6rt, die den Mut haben, ihn zu gehen.<\/strong><\/p>","protected":false},"featured_media":46832,"comment_status":"open","ping_status":"closed","template":"","meta":[],"product_brand":[],"product_cat":[251],"product_tag":[],"class_list":{"0":"post-46874","1":"product","2":"type-product","3":"status-publish","4":"has-post-thumbnail","6":"product_cat-painting","8":"first","9":"instock","10":"sold-individually","11":"shipping-taxable","12":"purchasable","13":"product-type-simple"},"_links":{"self":[{"href":"https:\/\/sokratev.com\/de\/wp-json\/wp\/v2\/product\/46874","targetHints":{"allow":["GET"]}}],"collection":[{"href":"https:\/\/sokratev.com\/de\/wp-json\/wp\/v2\/product"}],"about":[{"href":"https:\/\/sokratev.com\/de\/wp-json\/wp\/v2\/types\/product"}],"replies":[{"embeddable":true,"href":"https:\/\/sokratev.com\/de\/wp-json\/wp\/v2\/comments?post=46874"}],"version-history":[{"count":8,"href":"https:\/\/sokratev.com\/de\/wp-json\/wp\/v2\/product\/46874\/revisions"}],"predecessor-version":[{"id":48141,"href":"https:\/\/sokratev.com\/de\/wp-json\/wp\/v2\/product\/46874\/revisions\/48141"}],"wp:featuredmedia":[{"embeddable":true,"href":"https:\/\/sokratev.com\/de\/wp-json\/wp\/v2\/media\/46832"}],"wp:attachment":[{"href":"https:\/\/sokratev.com\/de\/wp-json\/wp\/v2\/media?parent=46874"}],"wp:term":[{"taxonomy":"product_brand","embeddable":true,"href":"https:\/\/sokratev.com\/de\/wp-json\/wp\/v2\/product_brand?post=46874"},{"taxonomy":"product_cat","embeddable":true,"href":"https:\/\/sokratev.com\/de\/wp-json\/wp\/v2\/product_cat?post=46874"},{"taxonomy":"product_tag","embeddable":true,"href":"https:\/\/sokratev.com\/de\/wp-json\/wp\/v2\/product_tag?post=46874"}],"curies":[{"name":"wp","href":"https:\/\/api.w.org\/{rel}","templated":true}]}}