{"id":46877,"date":"2025-11-13T09:55:51","date_gmt":"2025-11-13T09:55:51","guid":{"rendered":"https:\/\/sokratev.com\/product\/original-painting-by-dimo-sokratev-26\/"},"modified":"2026-01-12T22:04:51","modified_gmt":"2026-01-12T22:04:51","slug":"original-gemalde-von-dimo-sokratev-26","status":"publish","type":"product","link":"https:\/\/sokratev.com\/de\/product\/original-painting-by-dimo-sokratev-26\/","title":{"rendered":"Gem\u00e4lde des Autors - \u201cWenn der Horizont den Sturm h\u00e4lt\u201d"},"content":{"rendered":"<ul data-start=\"144\" data-end=\"296\">\n<li data-start=\"144\" data-end=\"168\">\n<p data-start=\"146\" data-end=\"168\">Autor: Sokratev<\/p>\n<\/li>\n<li data-start=\"169\" data-end=\"216\">\n<p data-start=\"171\" data-end=\"216\">\u00a0handgemalte Kunstwerke auf Leinwand<\/p>\n<\/li>\n<li data-start=\"217\" data-end=\"245\">\n<p data-start=\"219\" data-end=\"245\">Signiert von der K\u00fcnstlerin<\/p>\n<\/li>\n<li data-start=\"246\" data-end=\"296\">\n<p data-start=\"248\" data-end=\"296\">Begleitet von einem Echtheitszertifikat<\/p>\n<\/li>\n<\/ul>\n<p data-start=\"298\" data-end=\"418\">Diese Kunstwerke sind f\u00fcr Sammler gedacht, die Originalit\u00e4t, emotionale Tiefe und Kunst, die den Test der Zeit besteht, sch\u00e4tzen.<\/p>","protected":false},"excerpt":{"rendered":"<p><strong>Gr\u00f6\u00dfe: 70x100cm<\/strong><\/p>\n<p><strong>\u00d6l auf Leinwand<\/strong><\/p>\n<p data-start=\"0\" data-end=\"290\">Das Meer erhebt sich mit all seiner Kraft, die Wellen bringen Bewegung und Spannung, w\u00e4hrend der Horizont ruhig bleibt - eine stille Grenze zwischen Chaos und Ruhe. \u201cWhen the Horizon Holds the Storm\u201d f\u00e4ngt diesen seltenen Moment ein, in dem die Elemente nicht die Oberhand gewinnen, sondern der inneren Widerstandsf\u00e4higkeit weichen.<\/p>\n<p data-start=\"292\" data-end=\"565\">Diese handgemalte Meereslandschaft erz\u00e4hlt von Entscheidungen, von Reisen und von den Momenten, in denen man ungeachtet des Sturms seiner Richtung treu bleibt.<\/p>\n<p data-start=\"567\" data-end=\"896\" data-is-last-node=\"\" data-is-only-node=\"\">Das Kunstwerk behauptet sich selbstbewusst und kraftvoll in einem Raum - nicht als Dekoration, sondern als Ausdruck von Charakter und erlesenem Geschmack. Ein Gem\u00e4lde dieses Kalibers wird bewusst ausgew\u00e4hlt: als emotionaler Brennpunkt, als Originalkunst mit bleibendem Wert und als Investition in ein Werk, das seine Kraft im Laufe der Zeit nicht verliert.<\/p>","protected":false},"featured_media":48439,"comment_status":"open","ping_status":"closed","template":"","meta":[],"product_brand":[],"product_cat":[251],"product_tag":[],"class_list":{"0":"post-46877","1":"product","2":"type-product","3":"status-publish","4":"has-post-thumbnail","6":"product_cat-painting","8":"first","9":"instock","10":"sold-individually","11":"shipping-taxable","12":"purchasable","13":"product-type-simple"},"_links":{"self":[{"href":"https:\/\/sokratev.com\/de\/wp-json\/wp\/v2\/product\/46877","targetHints":{"allow":["GET"]}}],"collection":[{"href":"https:\/\/sokratev.com\/de\/wp-json\/wp\/v2\/product"}],"about":[{"href":"https:\/\/sokratev.com\/de\/wp-json\/wp\/v2\/types\/product"}],"replies":[{"embeddable":true,"href":"https:\/\/sokratev.com\/de\/wp-json\/wp\/v2\/comments?post=46877"}],"version-history":[{"count":6,"href":"https:\/\/sokratev.com\/de\/wp-json\/wp\/v2\/product\/46877\/revisions"}],"predecessor-version":[{"id":48124,"href":"https:\/\/sokratev.com\/de\/wp-json\/wp\/v2\/product\/46877\/revisions\/48124"}],"wp:featuredmedia":[{"embeddable":true,"href":"https:\/\/sokratev.com\/de\/wp-json\/wp\/v2\/media\/48439"}],"wp:attachment":[{"href":"https:\/\/sokratev.com\/de\/wp-json\/wp\/v2\/media?parent=46877"}],"wp:term":[{"taxonomy":"product_brand","embeddable":true,"href":"https:\/\/sokratev.com\/de\/wp-json\/wp\/v2\/product_brand?post=46877"},{"taxonomy":"product_cat","embeddable":true,"href":"https:\/\/sokratev.com\/de\/wp-json\/wp\/v2\/product_cat?post=46877"},{"taxonomy":"product_tag","embeddable":true,"href":"https:\/\/sokratev.com\/de\/wp-json\/wp\/v2\/product_tag?post=46877"}],"curies":[{"name":"wp","href":"https:\/\/api.w.org\/{rel}","templated":true}]}}