{"id":46878,"date":"2025-11-13T09:55:52","date_gmt":"2025-11-13T09:55:52","guid":{"rendered":"https:\/\/sokratev.com\/product\/original-painting-by-dimo-sokratev-27\/"},"modified":"2026-01-12T21:46:09","modified_gmt":"2026-01-12T21:46:09","slug":"original-gemalde-von-dimo-sokratev-27","status":"publish","type":"product","link":"https:\/\/sokratev.com\/de\/product\/original-painting-by-dimo-sokratev-27\/","title":{"rendered":"Gem\u00e4lde des Autors - \u201cWo der Sonnenuntergang atmet\u201d"},"content":{"rendered":"<ul data-start=\"123\" data-end=\"288\">\n<li data-start=\"123\" data-end=\"158\">\n<p data-start=\"125\" data-end=\"158\">Handgemaltes Gem\u00e4lde auf Leinwand<\/p>\n<\/li>\n<li data-start=\"159\" data-end=\"192\">\n<p data-start=\"161\" data-end=\"192\">Signiert von dem K\u00fcnstler Sokratev<\/p>\n<\/li>\n<li data-start=\"193\" data-end=\"241\">\n<p data-start=\"195\" data-end=\"241\">Begleitet von einem Echtheitszertifikat<\/p>\n<\/li>\n<li data-start=\"242\" data-end=\"288\">\n<p data-start=\"244\" data-end=\"288\">Einzigartiges Kunstwerk - ein Unikat (kein Druck)<\/p>\n<\/li>\n<\/ul>\n<p data-start=\"290\" data-end=\"441\">Jedes Gem\u00e4lde von Sokratev tr\u00e4gt seine eigene Seele und Geschichte in sich - ein zeitloser k\u00fcnstlerischer Wert, der geschaffen wurde, um erlebt, gesammelt und \u00fcber die Zeit weitergegeben zu werden.<\/p>","protected":false},"excerpt":{"rendered":"<p><strong>Gr\u00f6\u00dfe: 80x80cm<\/strong><\/p>\n<p><strong>Acryl auf Leinwand<\/strong><\/p>\n<p data-start=\"125\" data-end=\"505\">\u201cWhere the Sunset Breathes\u201d (Wo der Sonnenuntergang atmet) ist ein Gem\u00e4lde am Meer, das den ruhigen, goldenen Moment einf\u00e4ngt, wenn sich der Tag in Ruhe aufl\u00f6st, als w\u00fcrde er sanft ein irdisches Paradies ber\u00fchren. Die Palme, die sich \u00fcber das Meer beugt, h\u00fctet das Geheimnis des Sonnenuntergangs - warm, feurig und zutiefst beruhigend, w\u00e4hrend die Farben zwischen Gold, T\u00fcrkis und Bernstein flie\u00dfen und ein Gef\u00fchl von Sommer und Zeitlosigkeit vermitteln.<\/p>\n<p data-start=\"507\" data-end=\"729\">Sanfte Wellen k\u00fcssen das Ufer, w\u00e4hrend die Sonnenreflexe auf dem Wasser ein Gef\u00fchl von Harmonie und innerem Gleichgewicht vermitteln und den Raum mit W\u00e4rme, Stimmung und positiver Energie erf\u00fcllen - ein kleines Paradies, in das Ihre Augen jeden Tag zur\u00fcckkehren.<\/p>\n<p data-start=\"797\" data-end=\"1087\">Dieses Gem\u00e4lde eignet sich perfekt f\u00fcr ein modernes Zuhause, ein Schlafzimmer, ein Wohnzimmer, ein B\u00fcro oder einen Kunstraum und verwandelt jedes Interieur in einen pers\u00f6nlichen Zufluchtsort f\u00fcr die Seele.<br data-start=\"1002\" data-end=\"1005\" \/>Bringen Sie das Gef\u00fchl eines ewigen Sonnenuntergangs und der Ruhe am Meer in Ihr Interieur.<\/p>","protected":false},"featured_media":48426,"comment_status":"open","ping_status":"closed","template":"","meta":[],"product_brand":[],"product_cat":[251],"product_tag":[],"class_list":{"0":"post-46878","1":"product","2":"type-product","3":"status-publish","4":"has-post-thumbnail","6":"product_cat-painting","8":"first","9":"instock","10":"sold-individually","11":"shipping-taxable","12":"purchasable","13":"product-type-simple"},"_links":{"self":[{"href":"https:\/\/sokratev.com\/de\/wp-json\/wp\/v2\/product\/46878","targetHints":{"allow":["GET"]}}],"collection":[{"href":"https:\/\/sokratev.com\/de\/wp-json\/wp\/v2\/product"}],"about":[{"href":"https:\/\/sokratev.com\/de\/wp-json\/wp\/v2\/types\/product"}],"replies":[{"embeddable":true,"href":"https:\/\/sokratev.com\/de\/wp-json\/wp\/v2\/comments?post=46878"}],"version-history":[{"count":11,"href":"https:\/\/sokratev.com\/de\/wp-json\/wp\/v2\/product\/46878\/revisions"}],"predecessor-version":[{"id":48119,"href":"https:\/\/sokratev.com\/de\/wp-json\/wp\/v2\/product\/46878\/revisions\/48119"}],"wp:featuredmedia":[{"embeddable":true,"href":"https:\/\/sokratev.com\/de\/wp-json\/wp\/v2\/media\/48426"}],"wp:attachment":[{"href":"https:\/\/sokratev.com\/de\/wp-json\/wp\/v2\/media?parent=46878"}],"wp:term":[{"taxonomy":"product_brand","embeddable":true,"href":"https:\/\/sokratev.com\/de\/wp-json\/wp\/v2\/product_brand?post=46878"},{"taxonomy":"product_cat","embeddable":true,"href":"https:\/\/sokratev.com\/de\/wp-json\/wp\/v2\/product_cat?post=46878"},{"taxonomy":"product_tag","embeddable":true,"href":"https:\/\/sokratev.com\/de\/wp-json\/wp\/v2\/product_tag?post=46878"}],"curies":[{"name":"wp","href":"https:\/\/api.w.org\/{rel}","templated":true}]}}