{"id":46879,"date":"2025-11-13T09:55:53","date_gmt":"2025-11-13T09:55:53","guid":{"rendered":"https:\/\/sokratev.com\/product\/original-painting-by-dimo-sokratev-28\/"},"modified":"2026-01-12T21:47:42","modified_gmt":"2026-01-12T21:47:42","slug":"original-gemalde-von-dimo-sokratev-28","status":"publish","type":"product","link":"https:\/\/sokratev.com\/de\/product\/original-painting-by-dimo-sokratev-28\/","title":{"rendered":"Gem\u00e4lde des Autors - \u201cWo der Blick bleibt\u201d"},"content":{"rendered":"<ul>\n<li data-start=\"235\" data-end=\"256\">\n<p data-start=\"237\" data-end=\"256\">Luxuri\u00f6se Wandkunst<\/p>\n<\/li>\n<li data-start=\"319\" data-end=\"345\">\n<p data-start=\"321\" data-end=\"345\">Gezeichnet von Sokratev<\/p>\n<\/li>\n<li data-start=\"346\" data-end=\"379\">\n<p data-start=\"348\" data-end=\"379\">Echtheitszertifikat<\/p>\n<\/li>\n<\/ul>\n<p>Dieses handgemalte Kunstwerk ist eine imagetr\u00e4chtige Investition - eine Wahl f\u00fcr alle, die zeitgen\u00f6ssische Kunst, starke visuelle Wirkung und hohe Qualit\u00e4t sch\u00e4tzen. Das Gem\u00e4lde eignet sich f\u00fcr ein modernes Interieur, ein B\u00fcro oder eine Kunstsammlung und vermittelt ein Gef\u00fchl von Luxus, \u00e4sthetischem Wert und Individualit\u00e4t.<\/p>","protected":false},"excerpt":{"rendered":"<p><strong>Gr\u00f6\u00dfe: 80x80cm<\/strong><\/p>\n<p><strong>Acryl auf Leinwand<\/strong><\/p>\n<p data-start=\"256\" data-end=\"584\">\u201cWhere the Gaze Remains\u201d ist ein eindrucksvolles Gem\u00e4lde, das die Tiefe eines kraftvollen Moments einf\u00e4ngt - einen Zustand innerer Konzentration, Pr\u00e4senz und authentischer Sch\u00f6nheit. Das ausdrucksstarke Auge, geformt durch reiche Textur und intensive Farbkontraste, schafft eine direkte emotionale Verbindung mit dem Betrachter und ein Gef\u00fchl von St\u00e4rke, das nachwirkt.<\/p>\n<p data-start=\"586\" data-end=\"829\">Das Kunstwerk ist besonders beeindruckend in Person, wo das Licht seine wahre k\u00fcnstlerische Qualit\u00e4t, Detailgenauigkeit und Dimensionalit\u00e4t offenbart. Es hat eine selbstbewusste, elegante Pr\u00e4senz, die das Gem\u00e4lde in ein Statement mit Charakter verwandelt.<\/p>\n<p data-start=\"1112\" data-end=\"1243\"><strong data-start=\"1112\" data-end=\"1243\">W\u00e4hlen Sie ein Bild, das durch den Blick spricht und jeden Raum aufwertet!<br data-start=\"1184\" data-end=\"1187\" \/>Investieren Sie in Kunst, die nicht schreit, sondern bei Ihnen bleibt!<\/strong><\/p>","protected":false},"featured_media":48427,"comment_status":"open","ping_status":"closed","template":"","meta":[],"product_brand":[],"product_cat":[251],"product_tag":[],"class_list":{"0":"post-46879","1":"product","2":"type-product","3":"status-publish","4":"has-post-thumbnail","6":"product_cat-painting","8":"first","9":"instock","10":"sold-individually","11":"shipping-taxable","12":"purchasable","13":"product-type-simple"},"_links":{"self":[{"href":"https:\/\/sokratev.com\/de\/wp-json\/wp\/v2\/product\/46879","targetHints":{"allow":["GET"]}}],"collection":[{"href":"https:\/\/sokratev.com\/de\/wp-json\/wp\/v2\/product"}],"about":[{"href":"https:\/\/sokratev.com\/de\/wp-json\/wp\/v2\/types\/product"}],"replies":[{"embeddable":true,"href":"https:\/\/sokratev.com\/de\/wp-json\/wp\/v2\/comments?post=46879"}],"version-history":[{"count":11,"href":"https:\/\/sokratev.com\/de\/wp-json\/wp\/v2\/product\/46879\/revisions"}],"predecessor-version":[{"id":48104,"href":"https:\/\/sokratev.com\/de\/wp-json\/wp\/v2\/product\/46879\/revisions\/48104"}],"wp:featuredmedia":[{"embeddable":true,"href":"https:\/\/sokratev.com\/de\/wp-json\/wp\/v2\/media\/48427"}],"wp:attachment":[{"href":"https:\/\/sokratev.com\/de\/wp-json\/wp\/v2\/media?parent=46879"}],"wp:term":[{"taxonomy":"product_brand","embeddable":true,"href":"https:\/\/sokratev.com\/de\/wp-json\/wp\/v2\/product_brand?post=46879"},{"taxonomy":"product_cat","embeddable":true,"href":"https:\/\/sokratev.com\/de\/wp-json\/wp\/v2\/product_cat?post=46879"},{"taxonomy":"product_tag","embeddable":true,"href":"https:\/\/sokratev.com\/de\/wp-json\/wp\/v2\/product_tag?post=46879"}],"curies":[{"name":"wp","href":"https:\/\/api.w.org\/{rel}","templated":true}]}}