{"id":46886,"date":"2025-11-13T09:55:57","date_gmt":"2025-11-13T09:55:57","guid":{"rendered":"https:\/\/sokratev.com\/product\/original-painting-by-dimo-sokratev-35\/"},"modified":"2026-01-12T21:56:48","modified_gmt":"2026-01-12T21:56:48","slug":"original-gemalde-von-dimo-sokratev-35","status":"publish","type":"product","link":"https:\/\/sokratev.com\/de\/product\/original-painting-by-dimo-sokratev-35\/","title":{"rendered":"Gem\u00e4lde des Autors - \u201cW\u00e4chter des Dschungels\u201d"},"content":{"rendered":"<h3 data-start=\"0\" data-end=\"15\"><strong data-start=\"4\" data-end=\"15\">Einzelheiten<\/strong><\/h3>\n<ul data-start=\"16\" data-end=\"178\">\n<li data-start=\"56\" data-end=\"82\">\n<p data-start=\"58\" data-end=\"82\">Handbemalt auf Leinwand<\/p>\n<\/li>\n<li data-start=\"83\" data-end=\"120\">\n<p data-start=\"85\" data-end=\"120\">Signiert von der K\u00fcnstlerin <strong data-start=\"106\" data-end=\"118\">Sokratev<\/strong><\/p>\n<\/li>\n<li data-start=\"121\" data-end=\"152\">\n<p data-start=\"123\" data-end=\"152\">Echtheitszertifikat<\/p>\n<\/li>\n<li data-start=\"153\" data-end=\"178\">\n<p data-start=\"155\" data-end=\"178\">Einzigartiges Kunstwerk<\/p>\n<\/li>\n<\/ul>\n<h3 data-start=\"180\" data-end=\"200\"><strong data-start=\"184\" data-end=\"200\">Geeignet f\u00fcr<\/strong><\/h3>\n<p data-start=\"201\" data-end=\"277\" data-is-last-node=\"\" data-is-only-node=\"\">Wohnzimmer - B\u00fcro - Kinderzimmer - Kunstraum - fr\u00f6hliches, sinnvolles Geschenk<\/p>","protected":false},"excerpt":{"rendered":"<p><strong>Gr\u00f6\u00dfe: 60x80cm<\/strong><\/p>\n<p><strong>\u00d6l auf Leinwand<\/strong><\/p>\n<p data-start=\"164\" data-end=\"486\">\u201cGuardian of the Jungle\u201d ist ein originelles, handgemaltes Kunstwerk, das den Betrachter in eine ruhige, gr\u00fcne Welt einl\u00e4dt, in der der kleine Frosch nicht nur ein Bewohner, sondern auch ein H\u00fcter des Gleichgewichts ist. Auf einem frischen Blatt ruhend, mit neugierigem und wachsamem Blick, scheint er \u00fcber sein Miniaturuniversum zu wachen und es lebendig und harmonisch zu halten.<\/p>\n<p data-start=\"488\" data-end=\"819\">Der Frosch symbolisiert Erneuerung, Anpassungsf\u00e4higkeit und eine tiefe Verbundenheit mit der Natur. Die satten Gr\u00fcnt\u00f6ne, die warmen gelben Akzente und die leuchtend roten Augen vermitteln ein Gef\u00fchl von Frische, Vitalit\u00e4t und subtiler Magie. Jedes Detail ist mit Sorgfalt und Raffinesse gemalt, so dass das Kunstwerk Freude und Ruhe ausstrahlt und gleichzeitig eine starke visuelle Pr\u00e4senz hat.<\/p>\n<p data-start=\"821\" data-end=\"1085\">Dieses Original-Leinwandgem\u00e4lde ist eine sch\u00f6ne Erg\u00e4nzung f\u00fcr ein modernes Zuhause, ein B\u00fcro, ein Kinderzimmer, eine Kunst-Ecke oder eine Sammlung, die nach Leben, Farbe und positiver Energie sucht. Das Kunstwerk erinnert uns sanft daran, dass manchmal die kleinsten Kreaturen die gr\u00f6\u00dfte Magie in sich tragen.<\/p>","protected":false},"featured_media":48434,"comment_status":"open","ping_status":"closed","template":"","meta":[],"product_brand":[],"product_cat":[251],"product_tag":[],"class_list":{"0":"post-46886","1":"product","2":"type-product","3":"status-publish","4":"has-post-thumbnail","6":"product_cat-painting","8":"first","9":"instock","10":"sold-individually","11":"shipping-taxable","12":"purchasable","13":"product-type-simple"},"_links":{"self":[{"href":"https:\/\/sokratev.com\/de\/wp-json\/wp\/v2\/product\/46886","targetHints":{"allow":["GET"]}}],"collection":[{"href":"https:\/\/sokratev.com\/de\/wp-json\/wp\/v2\/product"}],"about":[{"href":"https:\/\/sokratev.com\/de\/wp-json\/wp\/v2\/types\/product"}],"replies":[{"embeddable":true,"href":"https:\/\/sokratev.com\/de\/wp-json\/wp\/v2\/comments?post=46886"}],"version-history":[{"count":6,"href":"https:\/\/sokratev.com\/de\/wp-json\/wp\/v2\/product\/46886\/revisions"}],"predecessor-version":[{"id":48043,"href":"https:\/\/sokratev.com\/de\/wp-json\/wp\/v2\/product\/46886\/revisions\/48043"}],"wp:featuredmedia":[{"embeddable":true,"href":"https:\/\/sokratev.com\/de\/wp-json\/wp\/v2\/media\/48434"}],"wp:attachment":[{"href":"https:\/\/sokratev.com\/de\/wp-json\/wp\/v2\/media?parent=46886"}],"wp:term":[{"taxonomy":"product_brand","embeddable":true,"href":"https:\/\/sokratev.com\/de\/wp-json\/wp\/v2\/product_brand?post=46886"},{"taxonomy":"product_cat","embeddable":true,"href":"https:\/\/sokratev.com\/de\/wp-json\/wp\/v2\/product_cat?post=46886"},{"taxonomy":"product_tag","embeddable":true,"href":"https:\/\/sokratev.com\/de\/wp-json\/wp\/v2\/product_tag?post=46886"}],"curies":[{"name":"wp","href":"https:\/\/api.w.org\/{rel}","templated":true}]}}