{"id":46887,"date":"2025-11-13T09:55:57","date_gmt":"2025-11-13T09:55:57","guid":{"rendered":"https:\/\/sokratev.com\/product\/original-painting-by-dimo-sokratev-36\/"},"modified":"2026-01-12T21:55:39","modified_gmt":"2026-01-12T21:55:39","slug":"original-gemalde-von-dimo-sokratev-36","status":"publish","type":"product","link":"https:\/\/sokratev.com\/de\/product\/original-painting-by-dimo-sokratev-36\/","title":{"rendered":"Gem\u00e4lde des Autors - \u201cDer Atem des Ozeans\u201d"},"content":{"rendered":"<h3 data-start=\"1006\" data-end=\"1021\"><strong data-start=\"1010\" data-end=\"1021\">Einzelheiten<\/strong><\/h3>\n<ul data-start=\"1022\" data-end=\"1184\">\n<li data-start=\"1062\" data-end=\"1088\">\n<p data-start=\"1064\" data-end=\"1088\">Handbemalt auf Leinwand<\/p>\n<\/li>\n<li data-start=\"1089\" data-end=\"1126\">\n<p data-start=\"1091\" data-end=\"1126\">Signiert von der K\u00fcnstlerin <strong data-start=\"1112\" data-end=\"1124\">Sokratev<\/strong><\/p>\n<\/li>\n<li data-start=\"1127\" data-end=\"1158\">\n<p data-start=\"1129\" data-end=\"1158\">Echtheitszertifikat<\/p>\n<h3 data-start=\"1191\" data-end=\"1208\"><strong data-start=\"1195\" data-end=\"1208\">Ideal f\u00fcr<\/strong><\/h3>\n<p data-start=\"1209\" data-end=\"1280\">Wohnzimmer - B\u00fcro - Arbeitszimmer - Hotel - Kunstsammlung - sinnvolles Geschenk<\/p>\n<\/li>\n<\/ul>","protected":false},"excerpt":{"rendered":"<p><strong>Gr\u00f6\u00dfe: 70x50cm<\/strong><\/p>\n<p><strong>\u00d6l auf Leinwand<\/strong><\/p>\n<p data-start=\"242\" data-end=\"549\">\u201cBreath of the Ocean\u201d ist eine handgemalte Meereslandschaft, die den kraftvollen Moment kurz vor dem Brechen einer Welle einf\u00e4ngt - ein Symbol f\u00fcr Energie, Freiheit und innere St\u00e4rke. Die skulpturale Form der Welle evoziert eine lebendige Pr\u00e4senz, die f\u00fcr Bewegung, Transformation und die unaufhaltsame Kraft der Natur steht.<\/p>\n<p data-start=\"551\" data-end=\"826\">Dieses moderne Meeresgem\u00e4lde wurde mit ausdrucksstarken Maltechniken erstellt und zeichnet sich durch eine raffinierte Palette von tiefen Blaut\u00f6nen, sanften Graut\u00f6nen und milchigen Highlights aus. Die dynamischen Pinselstriche vermitteln Bewegung und Tiefe, w\u00e4hrend der leuchtende Horizont f\u00fcr Ausgewogenheit, Ruhe und Weite sorgt.<\/p>\n<p data-start=\"551\" data-end=\"826\"><strong>\u201cMachen Sie sich die rohe Energie des Ozeans zu eigen - bringen Sie Kraft, Bewegung und Freiheit in Ihren Raum\u201d.<\/strong><\/p>\n<p data-start=\"828\" data-end=\"1079\">Dieses einzigartige Original-Leinwandgem\u00e4lde ist ideal f\u00fcr moderne Innenr\u00e4ume wie Wohnzimmer, B\u00fcros, Ateliers, Hotels und Kunstsammlungen. Es dient als starker visueller Fokuspunkt und sorgt gleichzeitig f\u00fcr Eleganz und Harmonie im Raum.<\/p>","protected":false},"featured_media":48433,"comment_status":"open","ping_status":"closed","template":"","meta":[],"product_brand":[],"product_cat":[251],"product_tag":[],"class_list":{"0":"post-46887","1":"product","2":"type-product","3":"status-publish","4":"has-post-thumbnail","6":"product_cat-painting","8":"first","9":"instock","10":"sold-individually","11":"shipping-taxable","12":"purchasable","13":"product-type-simple"},"_links":{"self":[{"href":"https:\/\/sokratev.com\/de\/wp-json\/wp\/v2\/product\/46887","targetHints":{"allow":["GET"]}}],"collection":[{"href":"https:\/\/sokratev.com\/de\/wp-json\/wp\/v2\/product"}],"about":[{"href":"https:\/\/sokratev.com\/de\/wp-json\/wp\/v2\/types\/product"}],"replies":[{"embeddable":true,"href":"https:\/\/sokratev.com\/de\/wp-json\/wp\/v2\/comments?post=46887"}],"version-history":[{"count":7,"href":"https:\/\/sokratev.com\/de\/wp-json\/wp\/v2\/product\/46887\/revisions"}],"predecessor-version":[{"id":48040,"href":"https:\/\/sokratev.com\/de\/wp-json\/wp\/v2\/product\/46887\/revisions\/48040"}],"wp:featuredmedia":[{"embeddable":true,"href":"https:\/\/sokratev.com\/de\/wp-json\/wp\/v2\/media\/48433"}],"wp:attachment":[{"href":"https:\/\/sokratev.com\/de\/wp-json\/wp\/v2\/media?parent=46887"}],"wp:term":[{"taxonomy":"product_brand","embeddable":true,"href":"https:\/\/sokratev.com\/de\/wp-json\/wp\/v2\/product_brand?post=46887"},{"taxonomy":"product_cat","embeddable":true,"href":"https:\/\/sokratev.com\/de\/wp-json\/wp\/v2\/product_cat?post=46887"},{"taxonomy":"product_tag","embeddable":true,"href":"https:\/\/sokratev.com\/de\/wp-json\/wp\/v2\/product_tag?post=46887"}],"curies":[{"name":"wp","href":"https:\/\/api.w.org\/{rel}","templated":true}]}}