{"id":46889,"date":"2025-11-13T09:55:58","date_gmt":"2025-11-13T09:55:58","guid":{"rendered":"https:\/\/sokratev.com\/product\/original-painting-by-dimo-sokratev-38\/"},"modified":"2026-01-12T21:59:27","modified_gmt":"2026-01-12T21:59:27","slug":"original-gemalde-von-dimo-sokratev-38","status":"publish","type":"product","link":"https:\/\/sokratev.com\/de\/product\/original-painting-by-dimo-sokratev-38\/","title":{"rendered":"Gem\u00e4lde der Autorin - \u201cMartina\u201d"},"content":{"rendered":"<ul>\n<li>Handgemalte Kunstwerke<\/li>\n<li data-start=\"881\" data-end=\"910\">Zeitgen\u00f6ssische Kunst - Portr\u00e4t<\/li>\n<li data-start=\"913\" data-end=\"935\">Signiert von der K\u00fcnstlerin<\/li>\n<li data-start=\"938\" data-end=\"967\">Echtheitszertifikat<\/li>\n<li data-start=\"970\" data-end=\"1015\">Einzigartig - kein Druck oder Reproduktion<\/li>\n<\/ul>\n<p data-start=\"1017\" data-end=\"1221\" data-is-last-node=\"\" data-is-only-node=\"\">Das Gem\u00e4lde\u00a0 <strong data-start=\"1030\" data-end=\"1043\">Martina<\/strong>\u00a0ist ideal f\u00fcr Liebhaber zeitgen\u00f6ssischer Kunst, Sammler und Kunden, die ein Originalgem\u00e4lde f\u00fcr ihre Wohnung oder ihr B\u00fcro suchen, das sowohl emotionale Resonanz als auch Investitionswert bietet.<\/p>\n<p>&nbsp;<\/p>","protected":false},"excerpt":{"rendered":"<p><strong>Gr\u00f6\u00dfe: 60 x 80 cm<\/strong><\/p>\n<p><strong>\u00d6l auf Leinwand<\/strong><\/p>\n<p><strong>Martina<\/strong>\u00a0ist ein originelles zeitgen\u00f6ssisches Leinwandgem\u00e4lde, das weibliche St\u00e4rke, Geheimnis und innere Tiefe einf\u00e4ngt. Das Portr\u00e4t strahlt ruhige Zuversicht und eine subtile emotionale Intensit\u00e4t aus, die durch warme Erdt\u00f6ne, kontrastreiche Schatten und ausdrucksstarke Pinselstriche betont wird.<\/p>\n<p data-start=\"288\" data-end=\"558\">Martinas Gesicht ist teilweise von einer abstrakten Form umh\u00fcllt, die ihre innere Welt, ihre verborgenen Gedanken und die stille Kraft der weiblichen Identit\u00e4t symbolisiert. Ihr Blick ist direkt und fesselnd und schafft ein starkes Gef\u00fchl der Pr\u00e4senz, des Charakters und der emotionalen Verbindung mit dem Betrachter.<\/p>\n<p data-start=\"560\" data-end=\"843\">Dieses originale weibliche Portr\u00e4tgem\u00e4lde eignet sich hervorragend f\u00fcr ein modernes Interieur, einen Kunstraum, eine Galerie, ein B\u00fcro oder eine private Sammlung. <strong data-start=\"702\" data-end=\"715\">Martina <\/strong>\u00a0ist nicht nur ein dekoratives St\u00fcck, sondern ein raffinierter k\u00fcnstlerischer Akzent, der Stil, Tiefe und Individualit\u00e4t in jede Umgebung bringt.<\/p>","protected":false},"featured_media":48436,"comment_status":"open","ping_status":"closed","template":"","meta":[],"product_brand":[],"product_cat":[251,216],"product_tag":[],"class_list":{"0":"post-46889","1":"product","2":"type-product","3":"status-publish","4":"has-post-thumbnail","6":"product_cat-painting","7":"product_cat-portrait","9":"first","10":"instock","11":"sold-individually","12":"shipping-taxable","13":"purchasable","14":"product-type-simple"},"_links":{"self":[{"href":"https:\/\/sokratev.com\/de\/wp-json\/wp\/v2\/product\/46889","targetHints":{"allow":["GET"]}}],"collection":[{"href":"https:\/\/sokratev.com\/de\/wp-json\/wp\/v2\/product"}],"about":[{"href":"https:\/\/sokratev.com\/de\/wp-json\/wp\/v2\/types\/product"}],"replies":[{"embeddable":true,"href":"https:\/\/sokratev.com\/de\/wp-json\/wp\/v2\/comments?post=46889"}],"version-history":[{"count":8,"href":"https:\/\/sokratev.com\/de\/wp-json\/wp\/v2\/product\/46889\/revisions"}],"predecessor-version":[{"id":48072,"href":"https:\/\/sokratev.com\/de\/wp-json\/wp\/v2\/product\/46889\/revisions\/48072"}],"wp:featuredmedia":[{"embeddable":true,"href":"https:\/\/sokratev.com\/de\/wp-json\/wp\/v2\/media\/48436"}],"wp:attachment":[{"href":"https:\/\/sokratev.com\/de\/wp-json\/wp\/v2\/media?parent=46889"}],"wp:term":[{"taxonomy":"product_brand","embeddable":true,"href":"https:\/\/sokratev.com\/de\/wp-json\/wp\/v2\/product_brand?post=46889"},{"taxonomy":"product_cat","embeddable":true,"href":"https:\/\/sokratev.com\/de\/wp-json\/wp\/v2\/product_cat?post=46889"},{"taxonomy":"product_tag","embeddable":true,"href":"https:\/\/sokratev.com\/de\/wp-json\/wp\/v2\/product_tag?post=46889"}],"curies":[{"name":"wp","href":"https:\/\/api.w.org\/{rel}","templated":true}]}}