{"id":47733,"date":"2025-12-10T17:23:38","date_gmt":"2025-12-10T17:23:38","guid":{"rendered":"https:\/\/sokratev.com\/?post_type=product&#038;p=47733"},"modified":"2026-01-12T22:01:00","modified_gmt":"2026-01-12T22:01:00","slug":"der-weg-des-lichts","status":"publish","type":"product","link":"https:\/\/sokratev.com\/de\/product\/the-path-of-light\/","title":{"rendered":"Gem\u00e4lde des Autors - \u201cDer Weg des Lichts\u201d"},"content":{"rendered":"<p><span style=\"font-size: 16.0pt;\">Ein perfekter Akzent f\u00fcr jedes Zuhause oder B\u00fcro - geschaffen f\u00fcr diejenigen, die ihrem eigenen Weg und ihrem inneren Licht folgen.<\/span><\/p>","protected":false},"excerpt":{"rendered":"<h4><strong>Gr\u00f6\u00dfe:<\/strong><strong> 50\u00d760 cm<\/strong><\/h4>\n<p><span style=\"font-size: 16.0pt;\">Ein Gem\u00e4lde, das den Moment festh\u00e4lt, in dem die Hoffnung den Sturm durchbricht. Das Schiff symbolisiert Mut und Vorw\u00e4rtsbewegung, egal wie stark die Wellen sind. <\/span><\/p>\n<p><span style=\"font-size: 16.0pt;\">Ein perfekter Akzent f\u00fcr jedes Zuhause oder B\u00fcro - geschaffen f\u00fcr diejenigen, die ihrem eigenen Weg und ihrem inneren Licht folgen.<\/span><\/p>","protected":false},"featured_media":48437,"comment_status":"open","ping_status":"closed","template":"","meta":[],"product_brand":[],"product_cat":[251],"product_tag":[],"class_list":{"0":"post-47733","1":"product","2":"type-product","3":"status-publish","4":"has-post-thumbnail","6":"product_cat-painting","8":"first","9":"instock","10":"shipping-taxable","11":"purchasable","12":"product-type-simple"},"_links":{"self":[{"href":"https:\/\/sokratev.com\/de\/wp-json\/wp\/v2\/product\/47733","targetHints":{"allow":["GET"]}}],"collection":[{"href":"https:\/\/sokratev.com\/de\/wp-json\/wp\/v2\/product"}],"about":[{"href":"https:\/\/sokratev.com\/de\/wp-json\/wp\/v2\/types\/product"}],"replies":[{"embeddable":true,"href":"https:\/\/sokratev.com\/de\/wp-json\/wp\/v2\/comments?post=47733"}],"version-history":[{"count":8,"href":"https:\/\/sokratev.com\/de\/wp-json\/wp\/v2\/product\/47733\/revisions"}],"predecessor-version":[{"id":48016,"href":"https:\/\/sokratev.com\/de\/wp-json\/wp\/v2\/product\/47733\/revisions\/48016"}],"wp:featuredmedia":[{"embeddable":true,"href":"https:\/\/sokratev.com\/de\/wp-json\/wp\/v2\/media\/48437"}],"wp:attachment":[{"href":"https:\/\/sokratev.com\/de\/wp-json\/wp\/v2\/media?parent=47733"}],"wp:term":[{"taxonomy":"product_brand","embeddable":true,"href":"https:\/\/sokratev.com\/de\/wp-json\/wp\/v2\/product_brand?post=47733"},{"taxonomy":"product_cat","embeddable":true,"href":"https:\/\/sokratev.com\/de\/wp-json\/wp\/v2\/product_cat?post=47733"},{"taxonomy":"product_tag","embeddable":true,"href":"https:\/\/sokratev.com\/de\/wp-json\/wp\/v2\/product_tag?post=47733"}],"curies":[{"name":"wp","href":"https:\/\/api.w.org\/{rel}","templated":true}]}}