{"id":47768,"date":"2025-12-10T20:13:18","date_gmt":"2025-12-10T20:13:18","guid":{"rendered":"https:\/\/sokratev.com\/?post_type=product&#038;p=47768"},"modified":"2026-01-12T22:03:05","modified_gmt":"2026-01-12T22:03:05","slug":"durch-das-licht-des-sturms","status":"publish","type":"product","link":"https:\/\/sokratev.com\/de\/product\/through-the-light-of-the-storm\/","title":{"rendered":"Gem\u00e4lde des Autors - \u201cIm Licht des Sturms\u201d"},"content":{"rendered":"<h5><strong>Im Licht des Sturms<\/strong><\/h5>\n<h5><strong>Gr\u00f6\u00dfe: 50 x 60 cm<\/strong><\/h5>\n<h3><span style=\"font-size: 16.0pt;\">Eine kraftvolle und inspirierende Seelandschaft, in der das Schiff durch den Sturm f\u00e4hrt, geleitet von Strahlen der Hoffnung. Ein Gem\u00e4lde, das Energie, Bewegung und ein Gef\u00fchl der St\u00e4rke ausstrahlt. Ein perfekter Akzent f\u00fcr jeden Raum, der Inspiration und Tiefe sucht.<\/span><\/h3>","protected":false},"excerpt":{"rendered":"<h5><strong>Gr\u00f6\u00dfe: 50 x 60 cm<\/strong><\/h5>\n<p style=\"text-align: left;\"><span style=\"font-size: 16.0pt;\">Eine kraftvolle und inspirierende Seelandschaft, in der das Schiff durch den Sturm f\u00e4hrt, geleitet von Strahlen der Hoffnung. Ein Gem\u00e4lde, das Energie, Bewegung und ein Gef\u00fchl der St\u00e4rke ausstrahlt. Ein perfekter Akzent f\u00fcr jeden Raum, der Inspiration und Tiefe sucht.<\/span><\/p>","protected":false},"featured_media":48438,"comment_status":"open","ping_status":"closed","template":"","meta":[],"product_brand":[],"product_cat":[251],"product_tag":[],"class_list":{"0":"post-47768","1":"product","2":"type-product","3":"status-publish","4":"has-post-thumbnail","6":"product_cat-painting","8":"first","9":"instock","10":"shipping-taxable","11":"purchasable","12":"product-type-simple"},"_links":{"self":[{"href":"https:\/\/sokratev.com\/de\/wp-json\/wp\/v2\/product\/47768","targetHints":{"allow":["GET"]}}],"collection":[{"href":"https:\/\/sokratev.com\/de\/wp-json\/wp\/v2\/product"}],"about":[{"href":"https:\/\/sokratev.com\/de\/wp-json\/wp\/v2\/types\/product"}],"replies":[{"embeddable":true,"href":"https:\/\/sokratev.com\/de\/wp-json\/wp\/v2\/comments?post=47768"}],"version-history":[{"count":5,"href":"https:\/\/sokratev.com\/de\/wp-json\/wp\/v2\/product\/47768\/revisions"}],"predecessor-version":[{"id":48011,"href":"https:\/\/sokratev.com\/de\/wp-json\/wp\/v2\/product\/47768\/revisions\/48011"}],"wp:featuredmedia":[{"embeddable":true,"href":"https:\/\/sokratev.com\/de\/wp-json\/wp\/v2\/media\/48438"}],"wp:attachment":[{"href":"https:\/\/sokratev.com\/de\/wp-json\/wp\/v2\/media?parent=47768"}],"wp:term":[{"taxonomy":"product_brand","embeddable":true,"href":"https:\/\/sokratev.com\/de\/wp-json\/wp\/v2\/product_brand?post=47768"},{"taxonomy":"product_cat","embeddable":true,"href":"https:\/\/sokratev.com\/de\/wp-json\/wp\/v2\/product_cat?post=47768"},{"taxonomy":"product_tag","embeddable":true,"href":"https:\/\/sokratev.com\/de\/wp-json\/wp\/v2\/product_tag?post=47768"}],"curies":[{"name":"wp","href":"https:\/\/api.w.org\/{rel}","templated":true}]}}