{"id":48253,"date":"2025-12-28T09:38:00","date_gmt":"2025-12-28T09:38:00","guid":{"rendered":"https:\/\/sokratev.com\/?post_type=product&#038;p=48253"},"modified":"2026-03-16T20:07:41","modified_gmt":"2026-03-16T20:07:41","slug":"48253","status":"publish","type":"product","link":"https:\/\/sokratev.com\/de\/product\/48253\/","title":{"rendered":"Gem\u00e4lde des Autors - \u201cOzzy! Die Legende!\u201d"},"content":{"rendered":"<p data-start=\"98\" data-end=\"272\"><strong data-start=\"98\" data-end=\"131\">Handgemalte Portr\u00e4tkunstwerke<\/strong><br data-start=\"131\" data-end=\"134\" \/><strong data-start=\"134\" data-end=\"143\">Gr\u00f6\u00dfe:<\/strong> <strong>40 \u00d7 50 cm<\/strong><br data-start=\"154\" data-end=\"157\" \/><strong data-start=\"157\" data-end=\"171\">Technik: \u00d6l auf Leinwand<\/strong><br data-start=\"185\" data-end=\"188\" \/><strong data-start=\"188\" data-end=\"228\">Inklusive Echtheitszertifikat<\/strong><br data-start=\"228\" data-end=\"231\" \/><strong data-start=\"231\" data-end=\"270\">Einzigartiges Kunstwerk (kein Druck)<\/strong><\/p>\n<p data-start=\"274\" data-end=\"345\" data-is-last-node=\"\" data-is-only-node=\"\"><strong data-start=\"274\" data-end=\"345\" data-is-last-node=\"\">Sichere Zahlung - Schnelle Lieferung - Vorbereitet zum Verschenken\/Abholen.<\/strong><\/p>\n<p data-start=\"274\" data-end=\"345\" data-is-last-node=\"\" data-is-only-node=\"\"><strong data-start=\"274\" data-end=\"345\" data-is-last-node=\"\">Ein mutiges Statement - rohe Energie, Freiheit und Legende auf Leinwand.<\/strong><\/p>","protected":false},"excerpt":{"rendered":"<p><strong data-start=\"71\" data-end=\"90\">Eine Anfrage senden<\/strong> <strong>und wir werden uns mit Ihnen in Verbindung setzen, um Ihren Kauf zu best\u00e4tigen und die Lieferung Ihres Bildes zu vereinbaren.<\/strong><\/p>\n<p><strong data-start=\"187\" data-end=\"237\" data-is-last-node=\"\">Wir best\u00e4tigen Ihre Bestellung mit Ihnen vor der Bezahlung.<\/strong><\/p>\n<p><strong data-start=\"268\" data-end=\"292\" data-is-last-node=\"\">Versand innerhalb der EU (von und nach EU-L\u00e4ndern).<\/strong><\/p>\n<p><strong>Gr\u00f6\u00dfe: 40x50cm<\/strong><\/p>\n<p><strong>\u00d6l auf Leinwand<\/strong><\/p>\n<p data-start=\"116\" data-end=\"361\"><strong data-start=\"116\" data-end=\"139\">\u201cOzzy! Die Legende!\u201d<\/strong> ist ein k\u00fchnes handgemaltes Portr\u00e4t, das die rohe Energie und den rebellischen Geist einer Rockikone einf\u00e4ngt. Intensive Blicke, verzerrte Emotionen und kr\u00e4ftige Farben machen dieses Kunstwerk zu einem Statement der Freiheit und kompromisslosen Identit\u00e4t.<\/p>\n<p data-start=\"363\" data-end=\"409\"><strong data-start=\"363\" data-end=\"409\">Nicht nur ein Portr\u00e4t - eine Ikone f\u00fcr die Ewigkeit.<\/strong><\/p>\n<p data-start=\"112\" data-end=\"417\">","protected":false},"featured_media":48254,"comment_status":"open","ping_status":"closed","template":"","meta":[],"product_brand":[],"product_cat":[251],"product_tag":[],"class_list":{"0":"post-48253","1":"product","2":"type-product","3":"status-publish","4":"has-post-thumbnail","6":"product_cat-painting","8":"first","9":"instock","10":"shipping-taxable","11":"purchasable","12":"product-type-simple"},"_links":{"self":[{"href":"https:\/\/sokratev.com\/de\/wp-json\/wp\/v2\/product\/48253","targetHints":{"allow":["GET"]}}],"collection":[{"href":"https:\/\/sokratev.com\/de\/wp-json\/wp\/v2\/product"}],"about":[{"href":"https:\/\/sokratev.com\/de\/wp-json\/wp\/v2\/types\/product"}],"replies":[{"embeddable":true,"href":"https:\/\/sokratev.com\/de\/wp-json\/wp\/v2\/comments?post=48253"}],"version-history":[{"count":9,"href":"https:\/\/sokratev.com\/de\/wp-json\/wp\/v2\/product\/48253\/revisions"}],"predecessor-version":[{"id":48351,"href":"https:\/\/sokratev.com\/de\/wp-json\/wp\/v2\/product\/48253\/revisions\/48351"}],"wp:featuredmedia":[{"embeddable":true,"href":"https:\/\/sokratev.com\/de\/wp-json\/wp\/v2\/media\/48254"}],"wp:attachment":[{"href":"https:\/\/sokratev.com\/de\/wp-json\/wp\/v2\/media?parent=48253"}],"wp:term":[{"taxonomy":"product_brand","embeddable":true,"href":"https:\/\/sokratev.com\/de\/wp-json\/wp\/v2\/product_brand?post=48253"},{"taxonomy":"product_cat","embeddable":true,"href":"https:\/\/sokratev.com\/de\/wp-json\/wp\/v2\/product_cat?post=48253"},{"taxonomy":"product_tag","embeddable":true,"href":"https:\/\/sokratev.com\/de\/wp-json\/wp\/v2\/product_tag?post=48253"}],"curies":[{"name":"wp","href":"https:\/\/api.w.org\/{rel}","templated":true}]}}