{"id":48275,"date":"2026-01-04T20:12:00","date_gmt":"2026-01-04T20:12:00","guid":{"rendered":"https:\/\/sokratev.com\/?post_type=product&#038;p=48275"},"modified":"2026-03-16T20:04:28","modified_gmt":"2026-03-16T20:04:28","slug":"zwischen-himmel-und-wandel","status":"publish","type":"product","link":"https:\/\/sokratev.com\/de\/product\/between-the-sky-and-change\/","title":{"rendered":"Gem\u00e4lde des Autors - \u201cZwischen Himmel und Wandel\u201d"},"content":{"rendered":"<p data-start=\"0\" data-end=\"119\"><strong data-start=\"2\" data-end=\"36\">Handgemalte Kunstwerke auf Leinwand<\/strong><br data-start=\"74\" data-end=\"77\" \/><strong data-start=\"79\" data-end=\"119\">Inklusive Echtheitszertifikat<\/strong><\/p>\n<p data-start=\"121\" data-end=\"256\" data-is-last-node=\"\" data-is-only-node=\"\"><strong data-start=\"121\" data-end=\"256\" data-is-last-node=\"\">Sichere Zahlung - Schnelle Lieferung - Vorbereitet zum Verschenken\/Abholen.<\/strong><\/p>\n<p data-start=\"121\" data-end=\"256\" data-is-last-node=\"\" data-is-only-node=\"\"><strong data-start=\"121\" data-end=\"256\" data-is-last-node=\"\">W\u00e4hlen Sie ein Bild, das Sie daran erinnert, dass die wichtigsten Ver\u00e4nderungen im Stillen beginnen - zwischen dem Himmel und dem Entschluss, die Flucht zu ergreifen.<\/strong><\/p>","protected":false},"excerpt":{"rendered":"<p><strong data-start=\"71\" data-end=\"90\">Eine Anfrage senden<\/strong> <strong>und wir werden uns mit Ihnen in Verbindung setzen, um Ihren Kauf zu best\u00e4tigen und die Lieferung Ihres Bildes zu vereinbaren.<\/strong><\/p>\n<p><strong data-start=\"187\" data-end=\"237\" data-is-last-node=\"\">Wir best\u00e4tigen Ihre Bestellung mit Ihnen vor der Bezahlung.<\/strong><\/p>\n<p><strong data-start=\"268\" data-end=\"292\" data-is-last-node=\"\">Versand innerhalb der EU (von und nach EU-L\u00e4ndern).<\/strong><\/p>\n<p><strong>Gr\u00f6\u00dfe: 40x30cm<\/strong><\/p>\n<p><strong>\u00d6l auf Leinwand<\/strong><\/p>\n<p data-start=\"0\" data-end=\"34\">Ein zeitgen\u00f6ssisches, handgemaltes Kunstwerk, das einen inneren Moment der Entscheidung einf\u00e4ngt - zwischen dem, was man zur\u00fcckl\u00e4sst, und der Richtung, in die man sich zu fliegen traut. Das mit den Wolken verschmolzene Gesicht und das Flugzeug dar\u00fcber symbolisieren die Leichtigkeit der Ver\u00e4nderung, die Klarheit des Geistes und den Mut, vorw\u00e4rts zu gehen. F\u00fcr diejenigen, die wissen, dass wahre Ver\u00e4nderung von innen heraus beginnt.<\/p>\n<p data-start=\"519\" data-end=\"589\" data-is-last-node=\"\" data-is-only-node=\"\">","protected":false},"featured_media":48347,"comment_status":"open","ping_status":"closed","template":"","meta":[],"product_brand":[],"product_cat":[251],"product_tag":[],"class_list":{"0":"post-48275","1":"product","2":"type-product","3":"status-publish","4":"has-post-thumbnail","6":"product_cat-painting","8":"first","9":"instock","10":"shipping-taxable","11":"purchasable","12":"product-type-simple"},"_links":{"self":[{"href":"https:\/\/sokratev.com\/de\/wp-json\/wp\/v2\/product\/48275","targetHints":{"allow":["GET"]}}],"collection":[{"href":"https:\/\/sokratev.com\/de\/wp-json\/wp\/v2\/product"}],"about":[{"href":"https:\/\/sokratev.com\/de\/wp-json\/wp\/v2\/types\/product"}],"replies":[{"embeddable":true,"href":"https:\/\/sokratev.com\/de\/wp-json\/wp\/v2\/comments?post=48275"}],"version-history":[{"count":8,"href":"https:\/\/sokratev.com\/de\/wp-json\/wp\/v2\/product\/48275\/revisions"}],"predecessor-version":[{"id":48393,"href":"https:\/\/sokratev.com\/de\/wp-json\/wp\/v2\/product\/48275\/revisions\/48393"}],"wp:featuredmedia":[{"embeddable":true,"href":"https:\/\/sokratev.com\/de\/wp-json\/wp\/v2\/media\/48347"}],"wp:attachment":[{"href":"https:\/\/sokratev.com\/de\/wp-json\/wp\/v2\/media?parent=48275"}],"wp:term":[{"taxonomy":"product_brand","embeddable":true,"href":"https:\/\/sokratev.com\/de\/wp-json\/wp\/v2\/product_brand?post=48275"},{"taxonomy":"product_cat","embeddable":true,"href":"https:\/\/sokratev.com\/de\/wp-json\/wp\/v2\/product_cat?post=48275"},{"taxonomy":"product_tag","embeddable":true,"href":"https:\/\/sokratev.com\/de\/wp-json\/wp\/v2\/product_tag?post=48275"}],"curies":[{"name":"wp","href":"https:\/\/api.w.org\/{rel}","templated":true}]}}