{"id":48321,"date":"2026-01-11T14:10:13","date_gmt":"2026-01-11T14:10:13","guid":{"rendered":"https:\/\/sokratev.com\/?post_type=product&#038;p=48321"},"modified":"2026-01-27T19:42:07","modified_gmt":"2026-01-27T19:42:07","slug":"autoren-malen-schhh","status":"publish","type":"product","link":"https:\/\/sokratev.com\/de\/product\/authors-painting-schhh\/","title":{"rendered":"Autorengem\u00e4lde - \u201cSchhh ...\u201d"},"content":{"rendered":"<p data-start=\"777\" data-end=\"930\"><strong data-start=\"779\" data-end=\"800\">Acryl auf Leinwand<\/strong><br data-start=\"800\" data-end=\"803\" \/><strong data-start=\"805\" data-end=\"819\">80 \u00d7 60 cm<\/strong><br data-start=\"857\" data-end=\"860\" \/><strong data-start=\"862\" data-end=\"893\">Echtheitszertifikat<\/strong><\/p>\n<p data-start=\"932\" data-end=\"998\"><strong data-start=\"932\" data-end=\"998\">Sichere Zahlung - Schnelle Lieferung - Vorbereitet zum Verschenken\/Abholen.<\/strong><\/p>\n<p data-start=\"932\" data-end=\"998\"><strong data-start=\"932\" data-end=\"998\">Entscheiden Sie sich f\u00fcr Kunst, die keine Erkl\u00e4rungen braucht - sie ist einfach sp\u00fcrbar.<\/strong><\/p>\n<p data-start=\"932\" data-end=\"998\">","protected":false},"excerpt":{"rendered":"<p>&nbsp;<\/p>\n<p><strong data-start=\"71\" data-end=\"90\">Eine Anfrage senden<\/strong> <strong>und wir werden uns mit Ihnen in Verbindung setzen, um Ihren Kauf zu best\u00e4tigen und die Lieferung Ihres Bildes zu vereinbaren.<\/strong><\/p>\n<p><strong data-start=\"187\" data-end=\"237\" data-is-last-node=\"\">Wir best\u00e4tigen Ihre Bestellung mit Ihnen vor der Bezahlung.<\/strong><\/p>\n<p><strong data-start=\"268\" data-end=\"292\" data-is-last-node=\"\">Versand innerhalb der EU (von und nach EU-L\u00e4ndern).<\/strong><\/p>\n<p><strong>Gr\u00f6\u00dfe: 80x60cm<\/strong><\/p>\n<p><strong>Acryl auf Leinwand<\/strong><\/p>\n<p data-start=\"116\" data-end=\"374\">Ein zeitgen\u00f6ssisches Frauenportr\u00e4t, bei dem die Stille lauter spricht als Worte - Geheimnis, St\u00e4rke und Pr\u00e4senz in einem einzigen Kunstwerk. Der intensive Blick und die ikonische Geste evozieren Spannung und Intimit\u00e4t, als ob das Gem\u00e4lde ein Geheimnis h\u00fctet, das nur f\u00fcr den Betrachter bestimmt ist.<\/p>\n<p data-start=\"376\" data-end=\"530\">Warme Erdt\u00f6ne und kr\u00e4ftige Kontraste verleihen dem St\u00fcck einen luxuri\u00f6sen, modernen Charakter - ein auff\u00e4lliges Kunstwerk mit Sammlerwert und gro\u00dfem Langzeitpotenzial.<\/p>\n<p data-start=\"532\" data-end=\"632\">Keine blo\u00dfe Dekoration - ein Gem\u00e4lde mit Aussagekraft f\u00fcr Sammler und Liebhaber zeitgen\u00f6ssischer figurativer Kunst.<\/p>\n<p>&nbsp;<\/p>\n<p>&nbsp;<\/p>","protected":false},"featured_media":48322,"comment_status":"open","ping_status":"closed","template":"","meta":[],"product_brand":[],"product_cat":[251,216],"product_tag":[],"class_list":{"0":"post-48321","1":"product","2":"type-product","3":"status-publish","4":"has-post-thumbnail","6":"product_cat-painting","7":"product_cat-portrait","9":"first","10":"instock","11":"shipping-taxable","12":"purchasable","13":"product-type-simple"},"_links":{"self":[{"href":"https:\/\/sokratev.com\/de\/wp-json\/wp\/v2\/product\/48321","targetHints":{"allow":["GET"]}}],"collection":[{"href":"https:\/\/sokratev.com\/de\/wp-json\/wp\/v2\/product"}],"about":[{"href":"https:\/\/sokratev.com\/de\/wp-json\/wp\/v2\/types\/product"}],"replies":[{"embeddable":true,"href":"https:\/\/sokratev.com\/de\/wp-json\/wp\/v2\/comments?post=48321"}],"version-history":[{"count":11,"href":"https:\/\/sokratev.com\/de\/wp-json\/wp\/v2\/product\/48321\/revisions"}],"predecessor-version":[{"id":48403,"href":"https:\/\/sokratev.com\/de\/wp-json\/wp\/v2\/product\/48321\/revisions\/48403"}],"wp:featuredmedia":[{"embeddable":true,"href":"https:\/\/sokratev.com\/de\/wp-json\/wp\/v2\/media\/48322"}],"wp:attachment":[{"href":"https:\/\/sokratev.com\/de\/wp-json\/wp\/v2\/media?parent=48321"}],"wp:term":[{"taxonomy":"product_brand","embeddable":true,"href":"https:\/\/sokratev.com\/de\/wp-json\/wp\/v2\/product_brand?post=48321"},{"taxonomy":"product_cat","embeddable":true,"href":"https:\/\/sokratev.com\/de\/wp-json\/wp\/v2\/product_cat?post=48321"},{"taxonomy":"product_tag","embeddable":true,"href":"https:\/\/sokratev.com\/de\/wp-json\/wp\/v2\/product_tag?post=48321"}],"curies":[{"name":"wp","href":"https:\/\/api.w.org\/{rel}","templated":true}]}}