{"id":48394,"date":"2026-01-12T20:31:20","date_gmt":"2026-01-12T20:31:20","guid":{"rendered":"https:\/\/sokratev.com\/?post_type=product&#038;p=48394"},"modified":"2026-03-16T20:05:25","modified_gmt":"2026-03-16T20:05:25","slug":"48394","status":"publish","type":"product","link":"https:\/\/sokratev.com\/de\/product\/48394\/","title":{"rendered":"Gem\u00e4lde des Autors - \u201cWhisper\u201d"},"content":{"rendered":"<p>Handgemaltes zeitgen\u00f6ssisches Portr\u00e4t<br data-start=\"187\" data-end=\"190\" \/>Technique: Acrylic on canvas<br data-start=\"225\" data-end=\"228\" \/>Inklusive Echtheitszertifikat<\/p>\n<p><strong>Ein stilles Statement - intim, elegant und unvergesslich.<\/strong><\/p>\n<p><strong>Sichere Zahlung - Schnelle Lieferung - Vorbereitet zum Verschenken\/Abholen.<\/strong><\/p>","protected":false},"excerpt":{"rendered":"<p><strong data-start=\"71\" data-end=\"90\">Eine Anfrage senden<\/strong> <strong>und wir werden uns mit Ihnen in Verbindung setzen, um Ihren Kauf zu best\u00e4tigen und die Lieferung Ihres Bildes zu vereinbaren.<\/strong><\/p>\n<p><strong data-start=\"187\" data-end=\"237\" data-is-last-node=\"\">Wir best\u00e4tigen Ihre Bestellung mit Ihnen vor der Bezahlung.<\/strong><\/p>\n<p><strong data-start=\"268\" data-end=\"292\" data-is-last-node=\"\">Versand innerhalb der EU (von und nach EU-L\u00e4ndern).<\/strong><\/p>\n<p><strong>Gr\u00f6\u00dfe: 70x50cm<\/strong><\/p>\n<p><strong>Acryl auf Leinwand<\/strong><\/p>\n<p>Ein zeitgen\u00f6ssisches Frauenportr\u00e4t, das die Stille zwischen den Gedanken einf\u00e4ngt - eine sanfte und doch kraftvolle Emotion, die nachwirkt. Warme T\u00f6ne und ein tiefblauer Hintergrund schaffen eine intime Pr\u00e4senz und machen das Gem\u00e4lde zu einem markanten Akzent f\u00fcr ein modernes Zuhause, ein B\u00fcro oder eine Kunstsammlung - ein Kunstwerk, das im Ged\u00e4chtnis bleibt.<\/p>","protected":false},"featured_media":48395,"comment_status":"open","ping_status":"closed","template":"","meta":[],"product_brand":[],"product_cat":[251],"product_tag":[],"class_list":{"0":"post-48394","1":"product","2":"type-product","3":"status-publish","4":"has-post-thumbnail","6":"product_cat-painting","8":"first","9":"instock","10":"shipping-taxable","11":"purchasable","12":"product-type-simple"},"_links":{"self":[{"href":"https:\/\/sokratev.com\/de\/wp-json\/wp\/v2\/product\/48394","targetHints":{"allow":["GET"]}}],"collection":[{"href":"https:\/\/sokratev.com\/de\/wp-json\/wp\/v2\/product"}],"about":[{"href":"https:\/\/sokratev.com\/de\/wp-json\/wp\/v2\/types\/product"}],"replies":[{"embeddable":true,"href":"https:\/\/sokratev.com\/de\/wp-json\/wp\/v2\/comments?post=48394"}],"version-history":[{"count":9,"href":"https:\/\/sokratev.com\/de\/wp-json\/wp\/v2\/product\/48394\/revisions"}],"predecessor-version":[{"id":48484,"href":"https:\/\/sokratev.com\/de\/wp-json\/wp\/v2\/product\/48394\/revisions\/48484"}],"wp:featuredmedia":[{"embeddable":true,"href":"https:\/\/sokratev.com\/de\/wp-json\/wp\/v2\/media\/48395"}],"wp:attachment":[{"href":"https:\/\/sokratev.com\/de\/wp-json\/wp\/v2\/media?parent=48394"}],"wp:term":[{"taxonomy":"product_brand","embeddable":true,"href":"https:\/\/sokratev.com\/de\/wp-json\/wp\/v2\/product_brand?post=48394"},{"taxonomy":"product_cat","embeddable":true,"href":"https:\/\/sokratev.com\/de\/wp-json\/wp\/v2\/product_cat?post=48394"},{"taxonomy":"product_tag","embeddable":true,"href":"https:\/\/sokratev.com\/de\/wp-json\/wp\/v2\/product_tag?post=48394"}],"curies":[{"name":"wp","href":"https:\/\/api.w.org\/{rel}","templated":true}]}}