{"id":48444,"date":"2026-01-15T17:39:21","date_gmt":"2026-01-15T17:39:21","guid":{"rendered":"https:\/\/sokratev.com\/?post_type=product&#038;p=48444"},"modified":"2026-03-16T19:58:50","modified_gmt":"2026-03-16T19:58:50","slug":"die-krone-der-zeit","status":"publish","type":"product","link":"https:\/\/sokratev.com\/de\/product\/the-crown-of-time\/","title":{"rendered":"Gem\u00e4lde des Autors - \u201cDie Krone der Zeit\u201d"},"content":{"rendered":"<p data-start=\"151\" data-end=\"190\">Einzigartiges Kunstwerk (kein Druck)<\/p>\n<p data-start=\"229\" data-end=\"269\">Inklusive Echtheitszertifikat<\/p>\n<p data-start=\"229\" data-end=\"269\">Sichere Zahlung - Schnelle Lieferung - Vorbereitet zum Verschenken\/Abholen.<\/p>\n<p data-start=\"229\" data-end=\"269\">Ein aussagekr\u00e4ftiges Gem\u00e4lde, das Tiefe, Eleganz und Emotionen vermittelt - denn Zeit ist Macht.<\/p>","protected":false},"excerpt":{"rendered":"<p><strong data-start=\"71\" data-end=\"90\">Eine Anfrage senden<\/strong> <strong>und wir werden uns mit Ihnen in Verbindung setzen, um Ihren Kauf zu best\u00e4tigen und die Lieferung Ihres Bildes zu vereinbaren.<\/strong><\/p>\n<p><strong data-start=\"187\" data-end=\"237\" data-is-last-node=\"\">Wir best\u00e4tigen Ihre Bestellung mit Ihnen vor der Bezahlung.<\/strong><\/p>\n<p><strong data-start=\"268\" data-end=\"292\" data-is-last-node=\"\">Versand innerhalb der EU (von und nach EU-L\u00e4ndern).<\/strong><\/p>\n<p><strong>Gr\u00f6\u00dfe: 40x30cm<\/strong><\/p>\n<p><strong>\u00d6l auf Leinwand<\/strong><\/p>\n<p>Ein handgemaltes Kunstwerk, bei dem die Zeit keine Kulisse ist - sie ist eine Krone.<br data-start=\"182\" data-end=\"185\" \/>Eine Frau. Ein Blick. Ein Moment, der nie wiederkehrt.<br data-start=\"236\" data-end=\"239\" \/>Ein Bild, das dich anschaut und nicht mehr losl\u00e4sst.<br data-start=\"289\" data-end=\"292\" \/>F\u00fcr diejenigen, die den Wert eines einzelnen Moments kennen - ein auff\u00e4lliges Statement f\u00fcr ein modernes Zuhause, ein B\u00fcro, eine Designer-Einrichtung oder eine Kunstsammlung.<\/p>","protected":false},"featured_media":48445,"comment_status":"open","ping_status":"closed","template":"","meta":[],"product_brand":[],"product_cat":[251],"product_tag":[],"class_list":{"0":"post-48444","1":"product","2":"type-product","3":"status-publish","4":"has-post-thumbnail","6":"product_cat-painting","8":"first","9":"instock","10":"shipping-taxable","11":"purchasable","12":"product-type-simple"},"_links":{"self":[{"href":"https:\/\/sokratev.com\/de\/wp-json\/wp\/v2\/product\/48444","targetHints":{"allow":["GET"]}}],"collection":[{"href":"https:\/\/sokratev.com\/de\/wp-json\/wp\/v2\/product"}],"about":[{"href":"https:\/\/sokratev.com\/de\/wp-json\/wp\/v2\/types\/product"}],"replies":[{"embeddable":true,"href":"https:\/\/sokratev.com\/de\/wp-json\/wp\/v2\/comments?post=48444"}],"version-history":[{"count":10,"href":"https:\/\/sokratev.com\/de\/wp-json\/wp\/v2\/product\/48444\/revisions"}],"predecessor-version":[{"id":48482,"href":"https:\/\/sokratev.com\/de\/wp-json\/wp\/v2\/product\/48444\/revisions\/48482"}],"wp:featuredmedia":[{"embeddable":true,"href":"https:\/\/sokratev.com\/de\/wp-json\/wp\/v2\/media\/48445"}],"wp:attachment":[{"href":"https:\/\/sokratev.com\/de\/wp-json\/wp\/v2\/media?parent=48444"}],"wp:term":[{"taxonomy":"product_brand","embeddable":true,"href":"https:\/\/sokratev.com\/de\/wp-json\/wp\/v2\/product_brand?post=48444"},{"taxonomy":"product_cat","embeddable":true,"href":"https:\/\/sokratev.com\/de\/wp-json\/wp\/v2\/product_cat?post=48444"},{"taxonomy":"product_tag","embeddable":true,"href":"https:\/\/sokratev.com\/de\/wp-json\/wp\/v2\/product_tag?post=48444"}],"curies":[{"name":"wp","href":"https:\/\/api.w.org\/{rel}","templated":true}]}}