{"id":48472,"date":"2026-01-25T17:22:15","date_gmt":"2026-01-25T17:22:15","guid":{"rendered":"https:\/\/sokratev.com\/?post_type=product&#038;p=48472"},"modified":"2026-03-16T20:03:32","modified_gmt":"2026-03-16T20:03:32","slug":"purpurflustern","status":"publish","type":"product","link":"https:\/\/sokratev.com\/de\/product\/purple-whisper\/","title":{"rendered":"Gem\u00e4lde des Autors - \u201eLila Fl\u00fcstern\u201c"},"content":{"rendered":"<p data-start=\"105\" data-end=\"216\">Handgemalte Kunstwerke<br data-start=\"125\" data-end=\"128\" \/>\u00d6l auf Leinwand (Pinsel und Spachtel)<br data-start=\"167\" data-end=\"170\" \/>Begleitet von einem Echtheitszertifikat<\/p>\n<p data-start=\"105\" data-end=\"216\">Sichere Zahlung - Schnelle Lieferung - Vorbereitet zum Verschenken\/Abholen.<\/p>\n<p data-start=\"218\" data-end=\"301\"><em data-start=\"218\" data-end=\"301\">Ein zarter Akzent, der W\u00e4rme, Zartheit und poetischen Charme in jedes Interieur bringt.<\/em><\/p>\n<p data-start=\"218\" data-end=\"301\">","protected":false},"excerpt":{"rendered":"<p><strong data-start=\"71\" data-end=\"90\">Eine Anfrage senden<\/strong>\u00a0<strong>und wir werden uns mit Ihnen in Verbindung setzen, um Ihren Kauf zu best\u00e4tigen und die Lieferung Ihres Bildes zu vereinbaren.<\/strong><\/p>\n<p><strong data-start=\"187\" data-end=\"237\" data-is-last-node=\"\">Wir best\u00e4tigen Ihre Bestellung mit Ihnen vor der Bezahlung.<\/strong><\/p>\n<p><strong data-start=\"268\" data-end=\"292\" data-is-last-node=\"\">Versand innerhalb der EU (von und nach EU-L\u00e4ndern).<\/strong><\/p>\n<p><strong>Gr\u00f6\u00dfe: 30x40cm<\/strong><\/p>\n<p><strong>\u00d6l auf Leinwand (Pinsel und Spachtel)<\/strong><\/p>\n<p>Eine handgemalte Blumenkomposition in sanften Violettt\u00f6nen. Zwei Veilchen treffen sich in einer sanften Umarmung - ein stiller Moment der Sch\u00f6nheit, der den Raum mit W\u00e4rme und einer leichten, erbaulichen Stimmung erf\u00fcllt.<\/p>","protected":false},"featured_media":48495,"comment_status":"open","ping_status":"closed","template":"","meta":[],"product_brand":[],"product_cat":[251],"product_tag":[],"class_list":{"0":"post-48472","1":"product","2":"type-product","3":"status-publish","4":"has-post-thumbnail","6":"product_cat-painting","8":"first","9":"outofstock","10":"shipping-taxable","11":"purchasable","12":"product-type-simple"},"_links":{"self":[{"href":"https:\/\/sokratev.com\/de\/wp-json\/wp\/v2\/product\/48472","targetHints":{"allow":["GET"]}}],"collection":[{"href":"https:\/\/sokratev.com\/de\/wp-json\/wp\/v2\/product"}],"about":[{"href":"https:\/\/sokratev.com\/de\/wp-json\/wp\/v2\/types\/product"}],"replies":[{"embeddable":true,"href":"https:\/\/sokratev.com\/de\/wp-json\/wp\/v2\/comments?post=48472"}],"version-history":[{"count":6,"href":"https:\/\/sokratev.com\/de\/wp-json\/wp\/v2\/product\/48472\/revisions"}],"predecessor-version":[{"id":48479,"href":"https:\/\/sokratev.com\/de\/wp-json\/wp\/v2\/product\/48472\/revisions\/48479"}],"wp:featuredmedia":[{"embeddable":true,"href":"https:\/\/sokratev.com\/de\/wp-json\/wp\/v2\/media\/48495"}],"wp:attachment":[{"href":"https:\/\/sokratev.com\/de\/wp-json\/wp\/v2\/media?parent=48472"}],"wp:term":[{"taxonomy":"product_brand","embeddable":true,"href":"https:\/\/sokratev.com\/de\/wp-json\/wp\/v2\/product_brand?post=48472"},{"taxonomy":"product_cat","embeddable":true,"href":"https:\/\/sokratev.com\/de\/wp-json\/wp\/v2\/product_cat?post=48472"},{"taxonomy":"product_tag","embeddable":true,"href":"https:\/\/sokratev.com\/de\/wp-json\/wp\/v2\/product_tag?post=48472"}],"curies":[{"name":"wp","href":"https:\/\/api.w.org\/{rel}","templated":true}]}}